

{"id":6887,"date":"2021-04-28T15:43:49","date_gmt":"2021-04-28T13:43:49","guid":{"rendered":"https:\/\/www.assicoop.it\/toscana\/?page_id=6887"},"modified":"2025-03-17T16:08:17","modified_gmt":"2025-03-17T15:08:17","slug":"netiquette-social-network","status":"publish","type":"page","link":"https:\/\/www.assicoop.it\/toscana\/netiquette-social-network\/","title":{"rendered":"Netiquette Social Network"},"content":{"rendered":"\t\t<div data-elementor-type=\"wp-page\" data-elementor-id=\"6887\" class=\"elementor elementor-6887\" data-elementor-post-type=\"page\">\n\t\t\t\t\t\t<section class=\"elementor-section elementor-top-section elementor-element elementor-element-ff26e54 elementor-section-boxed elementor-section-height-default elementor-section-height-default\" data-id=\"ff26e54\" data-element_type=\"section\">\n\t\t\t\t\t\t<div class=\"elementor-container elementor-column-gap-default\">\n\t\t\t\t\t<div class=\"elementor-column elementor-col-100 elementor-top-column elementor-element elementor-element-521b7e6\" data-id=\"521b7e6\" data-element_type=\"column\">\n\t\t\t<div class=\"elementor-widget-wrap elementor-element-populated\">\n\t\t\t\t\t\t<div class=\"elementor-element elementor-element-6137b59a elementor-widget elementor-widget-heading\" data-id=\"6137b59a\" data-element_type=\"widget\" data-widget_type=\"heading.default\">\n\t\t\t\t<div class=\"elementor-widget-container\">\n\t\t\t<h2 class=\"elementor-heading-title elementor-size-default\">Informazioni\nAgenzia Assicoop Toscana SpA sulle pagine Facebook, LinkedIn e Instagram e le regole di queste fanpage.\n<\/h2>\t\t<\/div>\n\t\t\t\t<\/div>\n\t\t\t\t<div class=\"elementor-element elementor-element-44bebd13 elementor-widget-divider--view-line elementor-widget elementor-widget-divider\" data-id=\"44bebd13\" data-element_type=\"widget\" data-widget_type=\"divider.default\">\n\t\t\t\t<div class=\"elementor-widget-container\">\n\t\t\t\t\t<div class=\"elementor-divider\">\n\t\t\t<span class=\"elementor-divider-separator\">\n\t\t\t\t\t\t<\/span>\n\t\t<\/div>\n\t\t\t\t<\/div>\n\t\t\t\t<\/div>\n\t\t\t\t<div class=\"elementor-element elementor-element-5229cf10 elementor-widget elementor-widget-heading\" data-id=\"5229cf10\" data-element_type=\"widget\" data-widget_type=\"heading.default\">\n\t\t\t\t<div class=\"elementor-widget-container\">\n\t\t\t<h4 class=\"elementor-heading-title elementor-size-default\">Descrizione<\/h4>\t\t<\/div>\n\t\t\t\t<\/div>\n\t\t\t\t<div class=\"elementor-element elementor-element-4b7182e5 elementor-widget elementor-widget-text-editor\" data-id=\"4b7182e5\" data-element_type=\"widget\" data-widget_type=\"text-editor.default\">\n\t\t\t\t<div class=\"elementor-widget-container\">\n\t\t\t\t\t\t\t<p>Regole per la partecipazione alle attivit\u00e0 di commento dei post sulle pagine pubbliche Facebook e Instagram di Agenzia Societarie Unipol.<\/p><p>Gentile Visitatore, i tuoi messaggi pubblicati su questo spazio pubblico non saranno censurati; tuttavia Agenzia Assicoop Toscana SpA si riserva il diritto di rimuovere, a suo insindacabile giudizio, qualsiasi commento e nello specifico messaggi il cui contenuto, a mero titolo esemplificativo e non esaustivo:<\/p><ul><li>sia illecito, diffamatorio, ingiurioso, discriminatorio per motivi attinenti a razza, sesso, lingua e appartenenza etnica, opinioni politiche, convinzioni religiose o di altro genere, nonch\u00e9 per motivi riguardanti lo stato di salute o la condizione sociale;<\/li><li>contenga turpiloquio o, comunque, commenti in chiave sarcastica, beffeggiatoria, sacrilega e denigratoria;<\/li><li>istighi all&#8217;odio o alla violenza, all&#8217;omofobia o alla xenofobia, al sessismo;<\/li><li>contenga insulti personali o sia comunque lesivo nei confronti di persone, istituzioni o enti di qualsiasi genere o religioni;<\/li><li>sia lesivo nei confronti di marchi, brevetti e contenuti protetti da copyright o comunque violi la relativa normativa;<\/li><li>sia lesivo della privacy altrui;<\/li><li>Costituisca incitamento al non rispetto delle presenti regole o miri esclusivamente alla destabilizzazione della normale e pacifica partecipazione alle attivit\u00e0 delle pagine <strong>Facebook, LinkedIn e Instagram <\/strong>di Agenzia Assicoop Toscana SpA;\u00a0<\/li><li>costituisca comunque una violazione delle leggi italiane (istigazione a delinquere o alla violenza, ecc.);<\/li><li>sia diretto a promuovere o pubblicizzare attivit\u00e0 commerciali;<\/li><li>sia rivolto a realizzare attivit\u00e0 di proselitismo o di propaganda di qualsiasi genere o comunque ad influenzare il comportamento e\/o le opinioni delle persone.<\/li><\/ul><p>\u00c8 altres\u00ec fatto divieto al Visitatore di procedere a:<\/p><ul><li>pubblicare immagini o link ritenuti osceni e offensivi della sensibilit\u00e0 delle persone (tali link verranno immediatamente rimossi);<\/li><li>multi-iscrizioni con nickname diversi: ogni utente potr\u00e0 partecipare all&#8217;attivit\u00e0 di commento e posting con una sola iscrizione (unico nickname).<\/li><\/ul><p>Precisiamo inoltre che:<\/p><ul><li>il commento pubblicato dal Visitatore implica l&#8217;automatica accettazione delle regole di policy sopra elencate; laddove i contenuti dei commenti abbiano carattere potenzialmente lesivo nei confronti di Assicoop Toscana SpA, l\u2019Agenzia si riserva di adire la competente Autorit\u00e0 Giudiziaria in sede civile e penale;<\/li><\/ul><ul><li>ogni commento che contenga dati personali (comuni e\/o appartenenti a categorie particolari) dell&#8217;utente \u00e8 considerato come espressione della sua volont\u00e0 di diffusione del dato al pubblico e pertanto Agenzia Assicoop Toscana SpA non \u00e8 responsabile dell&#8217;utilizzo, anche improprio, di tali dati da parte di terzi.<br \/>Ribadiamo che ciascun Visitatore si assume la piena responsabilit\u00e0 civile e penale dei commenti pubblicati nelle pagine <strong>Facebook, LinkedIn e Instagram<\/strong> della Agenzia Assicoop Toscana SpA e si impegna a manlevarla da qualsiasi pretesa risarcitoria e\/o azione giudiziaria intrapresa nei confronti della stessa in conseguenza di commenti dal contenuto illecito, diffamatorio o comunque lesivo nei confronti di altri utenti o di soggetti terzi. I dati forniti dagli utenti saranno trattati secondo le specifiche di cui alla seguente informativa privacy (l\u2019Agenzia Assicoop Toscana SpA mette a disposizione, anche tramite link, l\u2019informativa privacy).<\/li><\/ul><ul><li>Resta salvo in ogni caso il diritto di Agenzia Assicoop Toscana SpA, a proprio insindacabile giudizio ed in qualunque momento, di terminare o sospendere (e\/o richiedere che venga terminato o sospeso) l&#8217;accesso del Visitatore in tutto o in parte alla Fanpage di Agenzia Assicoop Toscana SpA sulle pagine di <strong>Facebook, LinkedIn e Instagram<\/strong>.<\/li><\/ul>\t\t\t\t\t\t<\/div>\n\t\t\t\t<\/div>\n\t\t\t\t<div class=\"elementor-element elementor-element-3cc2d0f2 elementor-widget elementor-widget-heading\" data-id=\"3cc2d0f2\" data-element_type=\"widget\" data-widget_type=\"heading.default\">\n\t\t\t\t<div class=\"elementor-widget-container\">\n\t\t\t<h4 class=\"elementor-heading-title elementor-size-default\">Avviso di propriet\u00e0 riservata<\/h4>\t\t<\/div>\n\t\t\t\t<\/div>\n\t\t\t\t<div class=\"elementor-element elementor-element-7b8f3d16 elementor-widget elementor-widget-text-editor\" data-id=\"7b8f3d16\" data-element_type=\"widget\" data-widget_type=\"text-editor.default\">\n\t\t\t\t<div class=\"elementor-widget-container\">\n\t\t\t\t\t\t\t<ul><li>Il Visitatore riconosce che le informazioni, i dati, il software, le fotografie, i grafici, i video, la grafica, la musica, i suoni, le immagini, le illustrazioni, i disegni, le icone e qualunque altro materiale presente su sulle pagine di <strong>Facebook, LinkedIn e Instagram <\/strong>e su queste fanpage sono di propriet\u00e0 esclusiva di Agenzia Assicoop Toscana SpA e\/o di terze parti.<\/li><\/ul><ul><li>La duplicazione, la riproduzione anche parziale, il download, il salvataggio, la pubblicazione o diffusione con qualunque mezzo e pi\u00f9 in generale qualunque atto di disposizione o utilizzo di informazioni o di materiale proveniente dalla pagina di\u00a0<strong>Facebook, LinkedIn e Instagram <\/strong>e\/o da queste fanpage, in tutte le forme, attraverso media e tecnologie esistenti o sviluppate in futuro, sono vietati, salvo espressa preventiva autorizzazione scritta di Agenzia Assicoop Toscana SpA e\/o di terze parti.<\/li><\/ul><ul><li>L&#8217;utilizzo o riproduzione in qualunque forma e modo dei marchi e loghi presenti all&#8217;interno delle fanpage \u00e8 vietata.<\/li><\/ul>\t\t\t\t\t\t<\/div>\n\t\t\t\t<\/div>\n\t\t\t\t<div class=\"elementor-element elementor-element-73e0e821 elementor-widget elementor-widget-heading\" data-id=\"73e0e821\" data-element_type=\"widget\" data-widget_type=\"heading.default\">\n\t\t\t\t<div class=\"elementor-widget-container\">\n\t\t\t<h4 class=\"elementor-heading-title elementor-size-default\">Informativa all'utente sull'uso dei Suoi dati e sui Suoi diritti\nArt. 13 Regolamento UE 679\/2016 \u2013 Regolamento generale sulla protezione dei dati personali\n<\/h4>\t\t<\/div>\n\t\t\t\t<\/div>\n\t\t\t\t<div class=\"elementor-element elementor-element-335f97f1 elementor-widget elementor-widget-text-editor\" data-id=\"335f97f1\" data-element_type=\"widget\" data-widget_type=\"text-editor.default\">\n\t\t\t\t<div class=\"elementor-widget-container\">\n\t\t\t\t\t\t\t<p>Gentile Visitatore,<\/p>\n<p>i dati personali a te riferibili (ad esempio, da te volontariamente forniti tramite pubblicazione di commenti e\/o post all\u2019interno del nostro profilo Social) saranno trattati da Agenzia Assicoop Toscana SpA, in qualit\u00e0 di titolare del trattamento, per finalit\u00e0 strettamente connesse all&#8217;attivit\u00e0 di pubblicazione dei post e dei correlati commenti nelle pagine di <strong>Facebook, LinkedIn e Instagram <\/strong>di Agenzia Assicoop Toscana SpA.<\/p>\n<p>L\u2019Agenzia non risponde dei trattamenti inerenti la tua utenza Social, per la quale ti invitiamo a consultare l\u2019informativa privacy messa a tua disposizione dal Social Network. La base giuridica del trattamento consiste nel legittimo interesse dell\u2019Agenzia. I tuoi dati non saranno soggetti a diffusione e saranno trattati, solo dal personale incaricato di Agenzia Assicoop Toscana SpA, con idonee modalit\u00e0 e procedure, anche informatiche e telematiche, pertinenti la suddetta finalit\u00e0 e nel rispetto del citato regolamento sulle fanpage di Agenzia Assicoop Toscana SpA. La normativa sulla privacy (artt. 15-22 del Regolamento 679\/2016) ti garantisce il diritto ad accedere in ogni momento ai dati che ti riguardano, nonch\u00e9 di ottenere la loro rettifica e\/o integrazione, se inesatti o incompleti, la loro cancellazione, se trattati illecitamente, o la portabilit\u00e0 dei dati da te forniti, ove trattati in modo automatizzato, nei limiti di quanto previsto dal Regolamento (art. 20). La normativa sulla privacy ti attribuisce altres\u00ec il diritto di richiedere la limitazione del trattamento dei dati, se ne ricorrono i presupposti, e l\u2019opposizione al loro trattamento per motivi legati alla tua situazione particolare. Ti ricordiamo che puoi sempre revocare il consenso eventualmente prestato; la revoca non pregiudica il trattamento svolto sino a quel momento.<\/p>\n<p>Per l\u2019esercizio dei tuoi diritti e per richiedere ogni ulteriore indicazione relativa al trattamento dei tuoi dati personali, ciascun interessato pu\u00f2 prendere contatto con l\u2019Agenzia Assicoop Toscana SpA,&nbsp;<span style=\"font-family: var( --e-global-typography-text-font-family ), Sans-serif; font-weight: var( --e-global-typography-text-font-weight ); font-size: 1rem; text-align: justify;\">tramite e-mail&nbsp;<\/span><a href=\"mailto:dpo@assicooptoscana.com\" style=\"font-family: var( --e-global-typography-text-font-family ), Sans-serif; font-weight: var( --e-global-typography-text-font-weight ); font-size: 1rem; background-color: rgb(255, 255, 255); text-align: justify;\">dpo@assicooptoscana.com<\/a>. Resta fermo il tuo diritto di presentare reclamo all\u2019Autorit\u00e0 italiana, il Garante privacy, ove ritenuto necessario per la tutela dei tuoi dati personali e dei tuoi diritti in materia.<\/p>\t\t\t\t\t\t<\/div>\n\t\t\t\t<\/div>\n\t\t\t\t\t<\/div>\n\t\t<\/div>\n\t\t\t\t\t<\/div>\n\t\t<\/section>\n\t\t\t\t<\/div>\n\t\t","protected":false},"excerpt":{"rendered":"<p>Informazioni Agenzia Assicoop Toscana SpA sulle pagine Facebook, LinkedIn e Instagram e le regole di queste fanpage. Descrizione Regole per la partecipazione alle attivit\u00e0 di commento dei post sulle pagine pubbliche Facebook e Instagram di Agenzia Societarie Unipol. Gentile Visitatore, i tuoi messaggi pubblicati su questo spazio pubblico non saranno censurati; tuttavia Agenzia Assicoop Toscana [&hellip;]<\/p>\n","protected":false},"author":2,"featured_media":0,"parent":0,"menu_order":0,"comment_status":"closed","ping_status":"closed","template":"","meta":{"_acf_changed":false,"footnotes":""},"acf":[],"yoast_head":"<!-- This site is optimized with the Yoast SEO plugin v22.2 - https:\/\/yoast.com\/wordpress\/plugins\/seo\/ -->\n<title>Netiquette Social Network - Assicoop Toscana<\/title>\n<meta name=\"robots\" content=\"index, follow, max-snippet:-1, max-image-preview:large, max-video-preview:-1\" \/>\n<link rel=\"canonical\" href=\"https:\/\/www.assicoop.it\/toscana\/netiquette-social-network\/\" \/>\n<meta property=\"og:locale\" content=\"it_IT\" \/>\n<meta property=\"og:type\" content=\"article\" \/>\n<meta property=\"og:title\" content=\"Netiquette Social Network - Assicoop Toscana\" \/>\n<meta property=\"og:description\" content=\"Informazioni Agenzia Assicoop Toscana SpA sulle pagine Facebook, LinkedIn e Instagram e le regole di queste fanpage. Descrizione Regole per la partecipazione alle attivit\u00e0 di commento dei post sulle pagine pubbliche Facebook e Instagram di Agenzia Societarie Unipol. Gentile Visitatore, i tuoi messaggi pubblicati su questo spazio pubblico non saranno censurati; tuttavia Agenzia Assicoop Toscana [&hellip;]\" \/>\n<meta property=\"og:url\" content=\"https:\/\/www.assicoop.it\/toscana\/netiquette-social-network\/\" \/>\n<meta property=\"og:site_name\" content=\"Assicoop Toscana\" \/>\n<meta property=\"article:publisher\" content=\"https:\/\/www.facebook.com\/AssicoopToscana\" \/>\n<meta property=\"article:modified_time\" content=\"2025-03-17T15:08:17+00:00\" \/>\n<meta name=\"twitter:card\" content=\"summary_large_image\" \/>\n<meta name=\"twitter:label1\" content=\"Tempo di lettura stimato\" \/>\n\t<meta name=\"twitter:data1\" content=\"6 minuti\" \/>\n<script type=\"application\/ld+json\" class=\"yoast-schema-graph\">{\"@context\":\"https:\/\/schema.org\",\"@graph\":[{\"@type\":\"WebPage\",\"@id\":\"https:\/\/www.assicoop.it\/toscana\/netiquette-social-network\/\",\"url\":\"https:\/\/www.assicoop.it\/toscana\/netiquette-social-network\/\",\"name\":\"Netiquette Social Network - Assicoop Toscana\",\"isPartOf\":{\"@id\":\"https:\/\/www.assicoop.it\/toscana\/#website\"},\"datePublished\":\"2021-04-28T13:43:49+00:00\",\"dateModified\":\"2025-03-17T15:08:17+00:00\",\"breadcrumb\":{\"@id\":\"https:\/\/www.assicoop.it\/toscana\/netiquette-social-network\/#breadcrumb\"},\"inLanguage\":\"it-IT\",\"potentialAction\":[{\"@type\":\"ReadAction\",\"target\":[\"https:\/\/www.assicoop.it\/toscana\/netiquette-social-network\/\"]}]},{\"@type\":\"BreadcrumbList\",\"@id\":\"https:\/\/www.assicoop.it\/toscana\/netiquette-social-network\/#breadcrumb\",\"itemListElement\":[{\"@type\":\"ListItem\",\"position\":1,\"name\":\"Home\",\"item\":\"https:\/\/www.assicoop.it\/toscana\/\"},{\"@type\":\"ListItem\",\"position\":2,\"name\":\"Netiquette Social Network\"}]},{\"@type\":\"WebSite\",\"@id\":\"https:\/\/www.assicoop.it\/toscana\/#website\",\"url\":\"https:\/\/www.assicoop.it\/toscana\/\",\"name\":\"Assicoop Toscana\",\"description\":\"Vicina. Sicura. Tua.\",\"publisher\":{\"@id\":\"https:\/\/www.assicoop.it\/toscana\/#organization\"},\"potentialAction\":[{\"@type\":\"SearchAction\",\"target\":{\"@type\":\"EntryPoint\",\"urlTemplate\":\"https:\/\/www.assicoop.it\/toscana\/?s={search_term_string}\"},\"query-input\":\"required name=search_term_string\"}],\"inLanguage\":\"it-IT\"},{\"@type\":\"Organization\",\"@id\":\"https:\/\/www.assicoop.it\/toscana\/#organization\",\"name\":\"Assicoop Toscana\",\"url\":\"https:\/\/www.assicoop.it\/toscana\/\",\"logo\":{\"@type\":\"ImageObject\",\"inLanguage\":\"it-IT\",\"@id\":\"https:\/\/www.assicoop.it\/toscana\/#\/schema\/logo\/image\/\",\"url\":\"https:\/\/www.assicoop.it\/toscana\/wp-content\/uploads\/2019\/10\/Assicoop-Toscana.png\",\"contentUrl\":\"https:\/\/www.assicoop.it\/toscana\/wp-content\/uploads\/2019\/10\/Assicoop-Toscana.png\",\"width\":3154,\"height\":645,\"caption\":\"Assicoop Toscana\"},\"image\":{\"@id\":\"https:\/\/www.assicoop.it\/toscana\/#\/schema\/logo\/image\/\"},\"sameAs\":[\"https:\/\/www.facebook.com\/AssicoopToscana\",\"https:\/\/www.instagram.com\/assicooptoscana_unipolsai\/\",\"https:\/\/www.linkedin.com\/company\/assicoop-toscana---unipolsai-assicurazioni\/\"]}]}<\/script>\n<!-- \/ Yoast SEO plugin. -->","yoast_head_json":{"title":"Netiquette Social Network - Assicoop Toscana","robots":{"index":"index","follow":"follow","max-snippet":"max-snippet:-1","max-image-preview":"max-image-preview:large","max-video-preview":"max-video-preview:-1"},"canonical":"https:\/\/www.assicoop.it\/toscana\/netiquette-social-network\/","og_locale":"it_IT","og_type":"article","og_title":"Netiquette Social Network - Assicoop Toscana","og_description":"Informazioni Agenzia Assicoop Toscana SpA sulle pagine Facebook, LinkedIn e Instagram e le regole di queste fanpage. Descrizione Regole per la partecipazione alle attivit\u00e0 di commento dei post sulle pagine pubbliche Facebook e Instagram di Agenzia Societarie Unipol. Gentile Visitatore, i tuoi messaggi pubblicati su questo spazio pubblico non saranno censurati; tuttavia Agenzia Assicoop Toscana [&hellip;]","og_url":"https:\/\/www.assicoop.it\/toscana\/netiquette-social-network\/","og_site_name":"Assicoop Toscana","article_publisher":"https:\/\/www.facebook.com\/AssicoopToscana","article_modified_time":"2025-03-17T15:08:17+00:00","twitter_card":"summary_large_image","twitter_misc":{"Tempo di lettura stimato":"6 minuti"},"schema":{"@context":"https:\/\/schema.org","@graph":[{"@type":"WebPage","@id":"https:\/\/www.assicoop.it\/toscana\/netiquette-social-network\/","url":"https:\/\/www.assicoop.it\/toscana\/netiquette-social-network\/","name":"Netiquette Social Network - Assicoop Toscana","isPartOf":{"@id":"https:\/\/www.assicoop.it\/toscana\/#website"},"datePublished":"2021-04-28T13:43:49+00:00","dateModified":"2025-03-17T15:08:17+00:00","breadcrumb":{"@id":"https:\/\/www.assicoop.it\/toscana\/netiquette-social-network\/#breadcrumb"},"inLanguage":"it-IT","potentialAction":[{"@type":"ReadAction","target":["https:\/\/www.assicoop.it\/toscana\/netiquette-social-network\/"]}]},{"@type":"BreadcrumbList","@id":"https:\/\/www.assicoop.it\/toscana\/netiquette-social-network\/#breadcrumb","itemListElement":[{"@type":"ListItem","position":1,"name":"Home","item":"https:\/\/www.assicoop.it\/toscana\/"},{"@type":"ListItem","position":2,"name":"Netiquette Social Network"}]},{"@type":"WebSite","@id":"https:\/\/www.assicoop.it\/toscana\/#website","url":"https:\/\/www.assicoop.it\/toscana\/","name":"Assicoop Toscana","description":"Vicina. Sicura. Tua.","publisher":{"@id":"https:\/\/www.assicoop.it\/toscana\/#organization"},"potentialAction":[{"@type":"SearchAction","target":{"@type":"EntryPoint","urlTemplate":"https:\/\/www.assicoop.it\/toscana\/?s={search_term_string}"},"query-input":"required name=search_term_string"}],"inLanguage":"it-IT"},{"@type":"Organization","@id":"https:\/\/www.assicoop.it\/toscana\/#organization","name":"Assicoop Toscana","url":"https:\/\/www.assicoop.it\/toscana\/","logo":{"@type":"ImageObject","inLanguage":"it-IT","@id":"https:\/\/www.assicoop.it\/toscana\/#\/schema\/logo\/image\/","url":"https:\/\/www.assicoop.it\/toscana\/wp-content\/uploads\/2019\/10\/Assicoop-Toscana.png","contentUrl":"https:\/\/www.assicoop.it\/toscana\/wp-content\/uploads\/2019\/10\/Assicoop-Toscana.png","width":3154,"height":645,"caption":"Assicoop Toscana"},"image":{"@id":"https:\/\/www.assicoop.it\/toscana\/#\/schema\/logo\/image\/"},"sameAs":["https:\/\/www.facebook.com\/AssicoopToscana","https:\/\/www.instagram.com\/assicooptoscana_unipolsai\/","https:\/\/www.linkedin.com\/company\/assicoop-toscana---unipolsai-assicurazioni\/"]}]}},"_links":{"self":[{"href":"https:\/\/www.assicoop.it\/toscana\/wp-json\/wp\/v2\/pages\/6887"}],"collection":[{"href":"https:\/\/www.assicoop.it\/toscana\/wp-json\/wp\/v2\/pages"}],"about":[{"href":"https:\/\/www.assicoop.it\/toscana\/wp-json\/wp\/v2\/types\/page"}],"author":[{"embeddable":true,"href":"https:\/\/www.assicoop.it\/toscana\/wp-json\/wp\/v2\/users\/2"}],"replies":[{"embeddable":true,"href":"https:\/\/www.assicoop.it\/toscana\/wp-json\/wp\/v2\/comments?post=6887"}],"version-history":[{"count":10,"href":"https:\/\/www.assicoop.it\/toscana\/wp-json\/wp\/v2\/pages\/6887\/revisions"}],"predecessor-version":[{"id":19215,"href":"https:\/\/www.assicoop.it\/toscana\/wp-json\/wp\/v2\/pages\/6887\/revisions\/19215"}],"wp:attachment":[{"href":"https:\/\/www.assicoop.it\/toscana\/wp-json\/wp\/v2\/media?parent=6887"}],"curies":[{"name":"wp","href":"https:\/\/api.w.org\/{rel}","templated":true}]}}