

{"id":158,"date":"2019-10-21T15:18:43","date_gmt":"2019-10-21T13:18:43","guid":{"rendered":"https:\/\/www.assicoop.it\/toscana\/?page_id=158"},"modified":"2026-04-07T13:04:27","modified_gmt":"2026-04-07T11:04:27","slug":"la-nostra-organizzazione","status":"publish","type":"page","link":"https:\/\/www.assicoop.it\/toscana\/la-nostra-organizzazione\/","title":{"rendered":"La nostra organizzazione"},"content":{"rendered":"\t\t<div data-elementor-type=\"wp-page\" data-elementor-id=\"158\" class=\"elementor elementor-158\" data-elementor-post-type=\"page\">\n\t\t\t\t\t\t<section class=\"elementor-section elementor-top-section elementor-element elementor-element-e28e291 elementor-section-height-min-height elementor-section-boxed elementor-section-height-default elementor-section-items-middle\" data-id=\"e28e291\" data-element_type=\"section\" data-settings=\"{&quot;background_background&quot;:&quot;classic&quot;}\">\n\t\t\t\t\t\t\t<div class=\"elementor-background-overlay\"><\/div>\n\t\t\t\t\t\t\t<div class=\"elementor-container elementor-column-gap-default\">\n\t\t\t\t\t<div class=\"elementor-column elementor-col-100 elementor-top-column elementor-element elementor-element-1b3c83f\" data-id=\"1b3c83f\" data-element_type=\"column\">\n\t\t\t<div class=\"elementor-widget-wrap elementor-element-populated\">\n\t\t\t\t\t\t<div class=\"elementor-element elementor-element-fba9839 elementor-widget elementor-widget-image\" data-id=\"fba9839\" data-element_type=\"widget\" data-widget_type=\"image.default\">\n\t\t\t\t<div class=\"elementor-widget-container\">\n\t\t\t\t\t\t\t\t\t\t\t\t\t<img decoding=\"async\" src=\"https:\/\/www.assicoop.it\/bologna-metropolitana\/wp-content\/uploads\/2019\/09\/Vicina-sicura-tua..png\" title=\"\" alt=\"\" class=\"elementor-animation-shrink\" loading=\"lazy\" \/>\t\t\t\t\t\t\t\t\t\t\t\t\t<\/div>\n\t\t\t\t<\/div>\n\t\t\t\t\t<\/div>\n\t\t<\/div>\n\t\t\t\t\t<\/div>\n\t\t<\/section>\n\t\t\t\t<section class=\"elementor-section elementor-top-section elementor-element elementor-element-7c7e9fc elementor-section-boxed elementor-section-height-default elementor-section-height-default\" data-id=\"7c7e9fc\" data-element_type=\"section\">\n\t\t\t\t\t\t<div class=\"elementor-container elementor-column-gap-default\">\n\t\t\t\t\t<div class=\"elementor-column elementor-col-100 elementor-top-column elementor-element elementor-element-1a539a0\" data-id=\"1a539a0\" data-element_type=\"column\">\n\t\t\t<div class=\"elementor-widget-wrap elementor-element-populated\">\n\t\t\t\t\t\t<div class=\"elementor-element elementor-element-6e0e3d7 elementor-widget elementor-widget-text-editor\" data-id=\"6e0e3d7\" data-element_type=\"widget\" data-widget_type=\"text-editor.default\">\n\t\t\t\t<div class=\"elementor-widget-container\">\n\t\t\t\t\t\t\t<p>Assicoop Toscana \u00e8 Agente Generale Unipol Assicurazioni e UniSalute per Firenze, Grosseto, Pistoia, Prato, Siena e relative Province.<\/p><p>Iscrizione RUI A000142144<\/p><p>Codice identificativo amministrativo assegnato dalla Compagnia: 2056.<\/p>\t\t\t\t\t\t<\/div>\n\t\t\t\t<\/div>\n\t\t\t\t<section class=\"elementor-section elementor-inner-section elementor-element elementor-element-1cfdf4c elementor-section-boxed elementor-section-height-default elementor-section-height-default\" data-id=\"1cfdf4c\" data-element_type=\"section\">\n\t\t\t\t\t\t<div class=\"elementor-container elementor-column-gap-default\">\n\t\t\t\t\t<div class=\"elementor-column elementor-col-50 elementor-inner-column elementor-element elementor-element-14c4b4c\" data-id=\"14c4b4c\" data-element_type=\"column\">\n\t\t\t<div class=\"elementor-widget-wrap elementor-element-populated\">\n\t\t\t\t\t\t<div class=\"elementor-element elementor-element-9300cc2 elementor-widget elementor-widget-heading\" data-id=\"9300cc2\" data-element_type=\"widget\" data-widget_type=\"heading.default\">\n\t\t\t\t<div class=\"elementor-widget-container\">\n\t\t\t<h3 class=\"elementor-heading-title elementor-size-default\">Attivit\u00e0 di intermediazione<\/h3>\t\t<\/div>\n\t\t\t\t<\/div>\n\t\t\t\t\t<\/div>\n\t\t<\/div>\n\t\t\t\t<div class=\"elementor-column elementor-col-50 elementor-inner-column elementor-element elementor-element-ed5439d\" data-id=\"ed5439d\" data-element_type=\"column\">\n\t\t\t<div class=\"elementor-widget-wrap elementor-element-populated\">\n\t\t\t\t\t\t<div class=\"elementor-element elementor-element-a963fba elementor-widget elementor-widget-text-editor\" data-id=\"a963fba\" data-element_type=\"widget\" data-widget_type=\"text-editor.default\">\n\t\t\t\t<div class=\"elementor-widget-container\">\n\t\t\t\t\t\t\t<p><strong>Gianfilippo Paiella&nbsp;<\/strong>&#8211; n. Iscrizione RUI A000815616&nbsp; &nbsp; &nbsp; &nbsp; &nbsp; Data iscrizione: 16 marzo 2026<\/p>\n<p><strong>Mauro Natale Scudiero&nbsp;<\/strong>&#8211; n. Iscrizione RUI A000815590 Data iscrizione: 16 marzo 2026<\/p>\n<p><strong>Alessandro Buonomini<\/strong> &#8211; n. Iscrizione RUI A000079430<br>Data iscrizione: 1 luglio 2015<\/p>\n<p>(soggetti a controllo Ivass)<\/p>\t\t\t\t\t\t<\/div>\n\t\t\t\t<\/div>\n\t\t\t\t\t<\/div>\n\t\t<\/div>\n\t\t\t\t\t<\/div>\n\t\t<\/section>\n\t\t\t\t<section class=\"elementor-section elementor-inner-section elementor-element elementor-element-d2bff73 elementor-section-boxed elementor-section-height-default elementor-section-height-default\" data-id=\"d2bff73\" data-element_type=\"section\">\n\t\t\t\t\t\t<div class=\"elementor-container elementor-column-gap-default\">\n\t\t\t\t\t<div class=\"elementor-column elementor-col-50 elementor-inner-column elementor-element elementor-element-df85d1c\" data-id=\"df85d1c\" data-element_type=\"column\">\n\t\t\t<div class=\"elementor-widget-wrap elementor-element-populated\">\n\t\t\t\t\t\t<div class=\"elementor-element elementor-element-e984786 elementor-widget elementor-widget-heading\" data-id=\"e984786\" data-element_type=\"widget\" data-widget_type=\"heading.default\">\n\t\t\t\t<div class=\"elementor-widget-container\">\n\t\t\t<h3 class=\"elementor-heading-title elementor-size-default\">Cariche Sociali<\/h3>\t\t<\/div>\n\t\t\t\t<\/div>\n\t\t\t\t\t<\/div>\n\t\t<\/div>\n\t\t\t\t<div class=\"elementor-column elementor-col-50 elementor-inner-column elementor-element elementor-element-ea27f80\" data-id=\"ea27f80\" data-element_type=\"column\">\n\t\t\t<div class=\"elementor-widget-wrap elementor-element-populated\">\n\t\t\t\t\t\t<div class=\"elementor-element elementor-element-3916ec7 elementor-widget elementor-widget-text-editor\" data-id=\"3916ec7\" data-element_type=\"widget\" data-widget_type=\"text-editor.default\">\n\t\t\t\t<div class=\"elementor-widget-container\">\n\t\t\t\t\t\t\t<table><tbody><tr><td width=\"206\"><p><strong>Presidente<\/strong><\/p><\/td><td width=\"446\"><p>Riccardo Nencini<\/p><\/td><\/tr><tr><td width=\"206\"><p><strong>Vicepresidente<\/strong><\/p><\/td><td width=\"446\"><p>Roberto Maestrini<\/p><\/td><\/tr><tr><td width=\"206\"><p><strong>Amministratore Delegato<\/strong><\/p><\/td><td width=\"446\"><p>Vincenzo Formicola<\/p><\/td><\/tr><tr><td width=\"206\"><p><strong>Consiglieri di Amministrazione<\/strong><\/p><\/td><td width=\"446\"><p>Lorenzo Cottignoli, Giuseppe d\u2019Alessandro, Paolo Trigari, Enrico Rabazzi, Simone Tarchiani, Raffaele Errico, Vincenzo Formicola, Riccardo Nencini, Roberto Maestrini, Lapo Baldini, Stefano Mazzanti<\/p><\/td><\/tr><tr><td width=\"206\"><p><strong>Collegio Sindacale<\/strong><\/p><\/td><td width=\"446\"><p>Alessia Bastiani (Presidente), Francesco Bonelli e Alberto Parisini<\/p><\/td><\/tr><\/tbody><\/table>\t\t\t\t\t\t<\/div>\n\t\t\t\t<\/div>\n\t\t\t\t\t<\/div>\n\t\t<\/div>\n\t\t\t\t\t<\/div>\n\t\t<\/section>\n\t\t\t\t<div class=\"elementor-element elementor-element-53b01ac elementor-widget elementor-widget-heading\" data-id=\"53b01ac\" data-element_type=\"widget\" data-widget_type=\"heading.default\">\n\t\t\t\t<div class=\"elementor-widget-container\">\n\t\t\t<h2 class=\"elementor-heading-title elementor-size-default\">Compagine Sociale<\/h2>\t\t<\/div>\n\t\t\t\t<\/div>\n\t\t\t\t<div class=\"elementor-element elementor-element-2545879 elementor-widget elementor-widget-heading\" data-id=\"2545879\" data-element_type=\"widget\" data-widget_type=\"heading.default\">\n\t\t\t\t<div class=\"elementor-widget-container\">\n\t\t\t<p class=\"elementor-heading-title elementor-size-default\">I soci di Assicoop Toscana SpA rappresentano a livello locale il mondo del lavoro dipendente, dell\u2019imprenditoria, dell\u2019artigianato, del commercio, dell\u2019agricoltura, del turismo e dei servizi rappresentato, Legacoop, CIA, CNA, e Confesercenti. <br> <br>\n\nNella compagine sociale sono presenti le Organizzazioni datoriali dei territori di riferimento ed espressione della LegaCoop della Toscana - CCCP Scrl; Unipol Finance Spa \u00e8 una societ\u00e0 finanziaria del Gruppo Unipol; Pegaso Finanziaria Spa rappresenta una societ\u00e0 finanziaria di LegaCoop Emilia Romagna.<br> <br>\n\nIl Capitale Sociale ammonta ad \u20ac 2.241.744&nbsp; espresso ad un analogo numero di&nbsp;azioni ordinarie.<\/p>\t\t<\/div>\n\t\t\t\t<\/div>\n\t\t\t\t<div class=\"elementor-element elementor-element-544bb2e elementor-widget elementor-widget-text-editor\" data-id=\"544bb2e\" data-element_type=\"widget\" data-widget_type=\"text-editor.default\">\n\t\t\t\t<div class=\"elementor-widget-container\">\n\t\t\t\t\t\t\t<p>Unipol Finance S.p.A.<strong>\u00a0 49,77<\/strong><\/p><p>Pegaso Finanziaria S.p.A.<strong> 19,91<\/strong><\/p><p>CCCP Scrl<strong> 19,71<\/strong><\/p><p>CNA Siena<strong> 2,71<\/strong><\/p><p>Confesercenti Impresa Srl <strong>2,71<\/strong><\/p><p>CIA Siena<strong>\u00a02,71<\/strong><\/p><p>CNA Firenze <strong>2,23<\/strong><\/p><p>CIA Firenze Servizi Srl<strong> 0,25<\/strong><\/p>\t\t\t\t\t\t<\/div>\n\t\t\t\t<\/div>\n\t\t\t\t\t<\/div>\n\t\t<\/div>\n\t\t\t\t\t<\/div>\n\t\t<\/section>\n\t\t\t\t<\/div>\n\t\t","protected":false},"excerpt":{"rendered":"<p>Assicoop Toscana \u00e8 Agente Generale Unipol Assicurazioni e UniSalute per Firenze, Grosseto, Pistoia, Prato, Siena e relative Province. Iscrizione RUI A000142144 Codice identificativo amministrativo assegnato dalla Compagnia: 2056. Attivit\u00e0 di intermediazione Gianfilippo Paiella&nbsp;&#8211; n. Iscrizione RUI A000815616&nbsp; &nbsp; &nbsp; &nbsp; &nbsp; Data iscrizione: 16 marzo 2026 Mauro Natale Scudiero&nbsp;&#8211; n. Iscrizione RUI A000815590 Data iscrizione: [&hellip;]<\/p>\n","protected":false},"author":2,"featured_media":0,"parent":0,"menu_order":0,"comment_status":"closed","ping_status":"closed","template":"","meta":{"_acf_changed":false,"footnotes":""},"acf":[],"yoast_head":"<!-- This site is optimized with the Yoast SEO plugin v22.2 - https:\/\/yoast.com\/wordpress\/plugins\/seo\/ -->\n<title>Scopri la nostra organizzazione - Assicoop Toscana<\/title>\n<meta name=\"description\" content=\"Assicoop Toscana \u00e8 Agente Generale Unipol Assicurazioni per Firenze, Grosseto, Pisa, Siena e relative Province. Vicina. Sicura. Tua.\" \/>\n<meta name=\"robots\" content=\"index, follow, max-snippet:-1, max-image-preview:large, max-video-preview:-1\" \/>\n<link rel=\"canonical\" href=\"https:\/\/www.assicoop.it\/toscana\/la-nostra-organizzazione\/\" \/>\n<meta property=\"og:locale\" content=\"it_IT\" \/>\n<meta property=\"og:type\" content=\"article\" \/>\n<meta property=\"og:title\" content=\"Scopri la nostra organizzazione - Assicoop Toscana\" \/>\n<meta property=\"og:description\" content=\"Assicoop Toscana \u00e8 Agente Generale Unipol Assicurazioni per Firenze, Grosseto, Pisa, Siena e relative Province. Vicina. Sicura. Tua.\" \/>\n<meta property=\"og:url\" content=\"https:\/\/www.assicoop.it\/toscana\/la-nostra-organizzazione\/\" \/>\n<meta property=\"og:site_name\" content=\"Assicoop Toscana\" \/>\n<meta property=\"article:publisher\" content=\"https:\/\/www.facebook.com\/AssicoopToscana\" \/>\n<meta property=\"article:modified_time\" content=\"2026-04-07T11:04:27+00:00\" \/>\n<meta property=\"og:image\" content=\"https:\/\/www.assicoop.it\/bologna-metropolitana\/wp-content\/uploads\/2019\/09\/Vicina-sicura-tua..png\" \/>\n<meta name=\"twitter:card\" content=\"summary_large_image\" \/>\n<meta name=\"twitter:label1\" content=\"Tempo di lettura stimato\" \/>\n\t<meta name=\"twitter:data1\" content=\"2 minuti\" \/>\n<script type=\"application\/ld+json\" class=\"yoast-schema-graph\">{\"@context\":\"https:\/\/schema.org\",\"@graph\":[{\"@type\":\"WebPage\",\"@id\":\"https:\/\/www.assicoop.it\/toscana\/la-nostra-organizzazione\/\",\"url\":\"https:\/\/www.assicoop.it\/toscana\/la-nostra-organizzazione\/\",\"name\":\"Scopri la nostra organizzazione - Assicoop Toscana\",\"isPartOf\":{\"@id\":\"https:\/\/www.assicoop.it\/toscana\/#website\"},\"primaryImageOfPage\":{\"@id\":\"https:\/\/www.assicoop.it\/toscana\/la-nostra-organizzazione\/#primaryimage\"},\"image\":{\"@id\":\"https:\/\/www.assicoop.it\/toscana\/la-nostra-organizzazione\/#primaryimage\"},\"thumbnailUrl\":\"https:\/\/www.assicoop.it\/bologna-metropolitana\/wp-content\/uploads\/2019\/09\/Vicina-sicura-tua..png\",\"datePublished\":\"2019-10-21T13:18:43+00:00\",\"dateModified\":\"2026-04-07T11:04:27+00:00\",\"description\":\"Assicoop Toscana \u00e8 Agente Generale Unipol Assicurazioni per Firenze, Grosseto, Pisa, Siena e relative Province. Vicina. Sicura. Tua.\",\"breadcrumb\":{\"@id\":\"https:\/\/www.assicoop.it\/toscana\/la-nostra-organizzazione\/#breadcrumb\"},\"inLanguage\":\"it-IT\",\"potentialAction\":[{\"@type\":\"ReadAction\",\"target\":[\"https:\/\/www.assicoop.it\/toscana\/la-nostra-organizzazione\/\"]}]},{\"@type\":\"ImageObject\",\"inLanguage\":\"it-IT\",\"@id\":\"https:\/\/www.assicoop.it\/toscana\/la-nostra-organizzazione\/#primaryimage\",\"url\":\"https:\/\/www.assicoop.it\/bologna-metropolitana\/wp-content\/uploads\/2019\/09\/Vicina-sicura-tua..png\",\"contentUrl\":\"https:\/\/www.assicoop.it\/bologna-metropolitana\/wp-content\/uploads\/2019\/09\/Vicina-sicura-tua..png\"},{\"@type\":\"BreadcrumbList\",\"@id\":\"https:\/\/www.assicoop.it\/toscana\/la-nostra-organizzazione\/#breadcrumb\",\"itemListElement\":[{\"@type\":\"ListItem\",\"position\":1,\"name\":\"Home\",\"item\":\"https:\/\/www.assicoop.it\/toscana\/\"},{\"@type\":\"ListItem\",\"position\":2,\"name\":\"La nostra organizzazione\"}]},{\"@type\":\"WebSite\",\"@id\":\"https:\/\/www.assicoop.it\/toscana\/#website\",\"url\":\"https:\/\/www.assicoop.it\/toscana\/\",\"name\":\"Assicoop Toscana\",\"description\":\"Vicina. Sicura. Tua.\",\"publisher\":{\"@id\":\"https:\/\/www.assicoop.it\/toscana\/#organization\"},\"potentialAction\":[{\"@type\":\"SearchAction\",\"target\":{\"@type\":\"EntryPoint\",\"urlTemplate\":\"https:\/\/www.assicoop.it\/toscana\/?s={search_term_string}\"},\"query-input\":\"required name=search_term_string\"}],\"inLanguage\":\"it-IT\"},{\"@type\":\"Organization\",\"@id\":\"https:\/\/www.assicoop.it\/toscana\/#organization\",\"name\":\"Assicoop Toscana\",\"url\":\"https:\/\/www.assicoop.it\/toscana\/\",\"logo\":{\"@type\":\"ImageObject\",\"inLanguage\":\"it-IT\",\"@id\":\"https:\/\/www.assicoop.it\/toscana\/#\/schema\/logo\/image\/\",\"url\":\"https:\/\/www.assicoop.it\/toscana\/wp-content\/uploads\/2019\/10\/Assicoop-Toscana.png\",\"contentUrl\":\"https:\/\/www.assicoop.it\/toscana\/wp-content\/uploads\/2019\/10\/Assicoop-Toscana.png\",\"width\":3154,\"height\":645,\"caption\":\"Assicoop Toscana\"},\"image\":{\"@id\":\"https:\/\/www.assicoop.it\/toscana\/#\/schema\/logo\/image\/\"},\"sameAs\":[\"https:\/\/www.facebook.com\/AssicoopToscana\",\"https:\/\/www.instagram.com\/assicooptoscana_unipolsai\/\",\"https:\/\/www.linkedin.com\/company\/assicoop-toscana---unipolsai-assicurazioni\/\"]}]}<\/script>\n<!-- \/ Yoast SEO plugin. -->","yoast_head_json":{"title":"Scopri la nostra organizzazione - Assicoop Toscana","description":"Assicoop Toscana \u00e8 Agente Generale Unipol Assicurazioni per Firenze, Grosseto, Pisa, Siena e relative Province. Vicina. Sicura. Tua.","robots":{"index":"index","follow":"follow","max-snippet":"max-snippet:-1","max-image-preview":"max-image-preview:large","max-video-preview":"max-video-preview:-1"},"canonical":"https:\/\/www.assicoop.it\/toscana\/la-nostra-organizzazione\/","og_locale":"it_IT","og_type":"article","og_title":"Scopri la nostra organizzazione - Assicoop Toscana","og_description":"Assicoop Toscana \u00e8 Agente Generale Unipol Assicurazioni per Firenze, Grosseto, Pisa, Siena e relative Province. Vicina. Sicura. Tua.","og_url":"https:\/\/www.assicoop.it\/toscana\/la-nostra-organizzazione\/","og_site_name":"Assicoop Toscana","article_publisher":"https:\/\/www.facebook.com\/AssicoopToscana","article_modified_time":"2026-04-07T11:04:27+00:00","og_image":[{"url":"https:\/\/www.assicoop.it\/bologna-metropolitana\/wp-content\/uploads\/2019\/09\/Vicina-sicura-tua..png"}],"twitter_card":"summary_large_image","twitter_misc":{"Tempo di lettura stimato":"2 minuti"},"schema":{"@context":"https:\/\/schema.org","@graph":[{"@type":"WebPage","@id":"https:\/\/www.assicoop.it\/toscana\/la-nostra-organizzazione\/","url":"https:\/\/www.assicoop.it\/toscana\/la-nostra-organizzazione\/","name":"Scopri la nostra organizzazione - Assicoop Toscana","isPartOf":{"@id":"https:\/\/www.assicoop.it\/toscana\/#website"},"primaryImageOfPage":{"@id":"https:\/\/www.assicoop.it\/toscana\/la-nostra-organizzazione\/#primaryimage"},"image":{"@id":"https:\/\/www.assicoop.it\/toscana\/la-nostra-organizzazione\/#primaryimage"},"thumbnailUrl":"https:\/\/www.assicoop.it\/bologna-metropolitana\/wp-content\/uploads\/2019\/09\/Vicina-sicura-tua..png","datePublished":"2019-10-21T13:18:43+00:00","dateModified":"2026-04-07T11:04:27+00:00","description":"Assicoop Toscana \u00e8 Agente Generale Unipol Assicurazioni per Firenze, Grosseto, Pisa, Siena e relative Province. Vicina. Sicura. Tua.","breadcrumb":{"@id":"https:\/\/www.assicoop.it\/toscana\/la-nostra-organizzazione\/#breadcrumb"},"inLanguage":"it-IT","potentialAction":[{"@type":"ReadAction","target":["https:\/\/www.assicoop.it\/toscana\/la-nostra-organizzazione\/"]}]},{"@type":"ImageObject","inLanguage":"it-IT","@id":"https:\/\/www.assicoop.it\/toscana\/la-nostra-organizzazione\/#primaryimage","url":"https:\/\/www.assicoop.it\/bologna-metropolitana\/wp-content\/uploads\/2019\/09\/Vicina-sicura-tua..png","contentUrl":"https:\/\/www.assicoop.it\/bologna-metropolitana\/wp-content\/uploads\/2019\/09\/Vicina-sicura-tua..png"},{"@type":"BreadcrumbList","@id":"https:\/\/www.assicoop.it\/toscana\/la-nostra-organizzazione\/#breadcrumb","itemListElement":[{"@type":"ListItem","position":1,"name":"Home","item":"https:\/\/www.assicoop.it\/toscana\/"},{"@type":"ListItem","position":2,"name":"La nostra organizzazione"}]},{"@type":"WebSite","@id":"https:\/\/www.assicoop.it\/toscana\/#website","url":"https:\/\/www.assicoop.it\/toscana\/","name":"Assicoop Toscana","description":"Vicina. Sicura. Tua.","publisher":{"@id":"https:\/\/www.assicoop.it\/toscana\/#organization"},"potentialAction":[{"@type":"SearchAction","target":{"@type":"EntryPoint","urlTemplate":"https:\/\/www.assicoop.it\/toscana\/?s={search_term_string}"},"query-input":"required name=search_term_string"}],"inLanguage":"it-IT"},{"@type":"Organization","@id":"https:\/\/www.assicoop.it\/toscana\/#organization","name":"Assicoop Toscana","url":"https:\/\/www.assicoop.it\/toscana\/","logo":{"@type":"ImageObject","inLanguage":"it-IT","@id":"https:\/\/www.assicoop.it\/toscana\/#\/schema\/logo\/image\/","url":"https:\/\/www.assicoop.it\/toscana\/wp-content\/uploads\/2019\/10\/Assicoop-Toscana.png","contentUrl":"https:\/\/www.assicoop.it\/toscana\/wp-content\/uploads\/2019\/10\/Assicoop-Toscana.png","width":3154,"height":645,"caption":"Assicoop Toscana"},"image":{"@id":"https:\/\/www.assicoop.it\/toscana\/#\/schema\/logo\/image\/"},"sameAs":["https:\/\/www.facebook.com\/AssicoopToscana","https:\/\/www.instagram.com\/assicooptoscana_unipolsai\/","https:\/\/www.linkedin.com\/company\/assicoop-toscana---unipolsai-assicurazioni\/"]}]}},"_links":{"self":[{"href":"https:\/\/www.assicoop.it\/toscana\/wp-json\/wp\/v2\/pages\/158"}],"collection":[{"href":"https:\/\/www.assicoop.it\/toscana\/wp-json\/wp\/v2\/pages"}],"about":[{"href":"https:\/\/www.assicoop.it\/toscana\/wp-json\/wp\/v2\/types\/page"}],"author":[{"embeddable":true,"href":"https:\/\/www.assicoop.it\/toscana\/wp-json\/wp\/v2\/users\/2"}],"replies":[{"embeddable":true,"href":"https:\/\/www.assicoop.it\/toscana\/wp-json\/wp\/v2\/comments?post=158"}],"version-history":[{"count":149,"href":"https:\/\/www.assicoop.it\/toscana\/wp-json\/wp\/v2\/pages\/158\/revisions"}],"predecessor-version":[{"id":20650,"href":"https:\/\/www.assicoop.it\/toscana\/wp-json\/wp\/v2\/pages\/158\/revisions\/20650"}],"wp:attachment":[{"href":"https:\/\/www.assicoop.it\/toscana\/wp-json\/wp\/v2\/media?parent=158"}],"curies":[{"name":"wp","href":"https:\/\/api.w.org\/{rel}","templated":true}]}}