

{"id":113,"date":"2019-10-21T12:58:25","date_gmt":"2019-10-21T10:58:25","guid":{"rendered":"https:\/\/www.assicoop.it\/toscana\/?page_id=113"},"modified":"2024-11-11T13:25:02","modified_gmt":"2024-11-11T12:25:02","slug":"protezione","status":"publish","type":"page","link":"https:\/\/www.assicoop.it\/toscana\/cosa-facciamo\/protezione\/","title":{"rendered":"Protezione"},"content":{"rendered":"\t\t<div data-elementor-type=\"wp-page\" data-elementor-id=\"113\" class=\"elementor elementor-113\" data-elementor-post-type=\"page\">\n\t\t\t\t\t\t<section class=\"elementor-section elementor-top-section elementor-element elementor-element-0fbf78f elementor-section-full_width elementor-section-height-min-height elementor-section-stretched elementor-section-height-default elementor-section-items-middle\" data-id=\"0fbf78f\" data-element_type=\"section\" data-settings=\"{&quot;background_background&quot;:&quot;classic&quot;,&quot;stretch_section&quot;:&quot;section-stretched&quot;}\">\n\t\t\t\t\t\t\t<div class=\"elementor-background-overlay\"><\/div>\n\t\t\t\t\t\t\t<div class=\"elementor-container elementor-column-gap-default\">\n\t\t\t\t\t<div class=\"elementor-column elementor-col-100 elementor-top-column elementor-element elementor-element-3229255\" data-id=\"3229255\" data-element_type=\"column\">\n\t\t\t<div class=\"elementor-widget-wrap elementor-element-populated\">\n\t\t\t\t\t\t<div class=\"elementor-element elementor-element-ca36c6a elementor-invisible elementor-widget elementor-widget-heading\" data-id=\"ca36c6a\" data-element_type=\"widget\" data-settings=\"{&quot;_animation&quot;:&quot;fadeIn&quot;}\" data-widget_type=\"heading.default\">\n\t\t\t\t<div class=\"elementor-widget-container\">\n\t\t\t<h2 class=\"elementor-heading-title elementor-size-default\">Protezione<\/h2>\t\t<\/div>\n\t\t\t\t<\/div>\n\t\t\t\t<div class=\"elementor-element elementor-element-8e821bd elementor-view-stacked elementor-shape-circle elementor-widget elementor-widget-icon\" data-id=\"8e821bd\" data-element_type=\"widget\" data-widget_type=\"icon.default\">\n\t\t\t\t<div class=\"elementor-widget-container\">\n\t\t\t\t\t<div class=\"elementor-icon-wrapper\">\n\t\t\t<div class=\"elementor-icon elementor-animation-float\">\n\t\t\t<i aria-hidden=\"true\" class=\"fas fa-notes-medical\"><\/i>\t\t\t<\/div>\n\t\t<\/div>\n\t\t\t\t<\/div>\n\t\t\t\t<\/div>\n\t\t\t\t\t<\/div>\n\t\t<\/div>\n\t\t\t\t\t<\/div>\n\t\t<\/section>\n\t\t\t\t<section class=\"elementor-section elementor-top-section elementor-element elementor-element-ee1bbc4 elementor-section-boxed elementor-section-height-default elementor-section-height-default\" data-id=\"ee1bbc4\" data-element_type=\"section\">\n\t\t\t\t\t\t<div class=\"elementor-container elementor-column-gap-default\">\n\t\t\t\t\t<div class=\"elementor-column elementor-col-100 elementor-top-column elementor-element elementor-element-decd7be\" data-id=\"decd7be\" data-element_type=\"column\">\n\t\t\t<div class=\"elementor-widget-wrap elementor-element-populated\">\n\t\t\t\t\t\t<div class=\"elementor-element elementor-element-ca1c6c8 elementor-align-left elementor-widget elementor-widget-breadcrumbs\" data-id=\"ca1c6c8\" data-element_type=\"widget\" data-widget_type=\"breadcrumbs.default\">\n\t\t\t\t<div class=\"elementor-widget-container\">\n\t\t\t<span id=\"breadcrumbs\"><span><span><a href=\"https:\/\/www.assicoop.it\/toscana\/\">Home<\/a><\/span><\/span><\/span>\t\t<\/div>\n\t\t\t\t<\/div>\n\t\t\t\t<div class=\"elementor-element elementor-element-ebb6a5b elementor-widget elementor-widget-heading\" data-id=\"ebb6a5b\" data-element_type=\"widget\" data-widget_type=\"heading.default\">\n\t\t\t\t<div class=\"elementor-widget-container\">\n\t\t\t<p class=\"elementor-heading-title elementor-size-default\">Pensare a come <b>proteggersi<\/b> fa parte della storia dell\u2019uomo. <b>Un bisogno<\/b>, pi\u00f9 che mai <b>attuale<\/b>, che \u00e8 rimasto intatto dai tempi delle caverne.<\/p>\t\t<\/div>\n\t\t\t\t<\/div>\n\t\t\t\t<div class=\"elementor-element elementor-element-606dd6a elementor-widget elementor-widget-heading\" data-id=\"606dd6a\" data-element_type=\"widget\" data-widget_type=\"heading.default\">\n\t\t\t\t<div class=\"elementor-widget-container\">\n\t\t\t<h5 class=\"elementor-heading-title elementor-size-default\">Provvedere al benessere e alla sicurezza della propria famiglia, dei propri cari o della propria impresa<\/h5>\t\t<\/div>\n\t\t\t\t<\/div>\n\t\t\t\t<div class=\"elementor-element elementor-element-a3385e5 elementor-widget elementor-widget-heading\" data-id=\"a3385e5\" data-element_type=\"widget\" data-widget_type=\"heading.default\">\n\t\t\t\t<div class=\"elementor-widget-container\">\n\t\t\t<p class=\"elementor-heading-title elementor-size-default\">oggi \u00e8 pi\u00f9 facile grazie ad una serie di opportunit\u00e0 che rispondono in modo adeguato agli imprevisti:<br><br>polizze contro gli infortuni;<br>\npolizze che coprono spese mediche;<br>\nma anche polizze vita per famiglie e aziende;<br>\no rendite in caso di perdita dell\u2019autosufficienza.<\/p>\t\t<\/div>\n\t\t\t\t<\/div>\n\t\t\t\t<div class=\"elementor-element elementor-element-c273860 elementor-widget elementor-widget-heading\" data-id=\"c273860\" data-element_type=\"widget\" data-widget_type=\"heading.default\">\n\t\t\t\t<div class=\"elementor-widget-container\">\n\t\t\t<p class=\"elementor-heading-title elementor-size-default\">Questi sono solo alcuni esempi di <b>assicurazioni sanitarie per privati e aziende<\/b> che quotidianamente stipuliamo.<br>Le <b>soluzioni<\/b> sono tante e diverse, ma <b>sempre sicure e adatte a te<\/b>. Contatta direttamente una nostra agenzia!<br><br>Trova quella pi\u00f9 vicina!<\/p>\t\t<\/div>\n\t\t\t\t<\/div>\n\t\t\t\t\t<\/div>\n\t\t<\/div>\n\t\t\t\t\t<\/div>\n\t\t<\/section>\n\t\t\t\t<section class=\"elementor-section elementor-top-section elementor-element elementor-element-a14a747 elementor-section-content-middle elementor-section-boxed elementor-section-height-default elementor-section-height-default\" data-id=\"a14a747\" data-element_type=\"section\" data-settings=\"{&quot;background_background&quot;:&quot;classic&quot;}\">\n\t\t\t\t\t\t<div class=\"elementor-container elementor-column-gap-no\">\n\t\t\t\t\t<div class=\"elementor-column elementor-col-50 elementor-top-column elementor-element elementor-element-48f8e76\" data-id=\"48f8e76\" data-element_type=\"column\" data-settings=\"{&quot;background_background&quot;:&quot;classic&quot;}\">\n\t\t\t<div class=\"elementor-widget-wrap elementor-element-populated\">\n\t\t\t\t\t\t<div class=\"elementor-element elementor-element-ddde5c6 elementor-widget elementor-widget-heading\" data-id=\"ddde5c6\" data-element_type=\"widget\" data-widget_type=\"heading.default\">\n\t\t\t\t<div class=\"elementor-widget-container\">\n\t\t\t<h3 class=\"elementor-heading-title elementor-size-large\"><a href=\"https:\/\/www.assicoop.it\/toscana\/trova-agenzia\/\">Trova l'agenzia pi\u00f9 vicina a te!<\/a><\/h3>\t\t<\/div>\n\t\t\t\t<\/div>\n\t\t\t\t<div class=\"elementor-element elementor-element-5c25ab9 elementor-view-default elementor-widget elementor-widget-icon\" data-id=\"5c25ab9\" data-element_type=\"widget\" data-widget_type=\"icon.default\">\n\t\t\t\t<div class=\"elementor-widget-container\">\n\t\t\t\t\t<div class=\"elementor-icon-wrapper\">\n\t\t\t<a class=\"elementor-icon elementor-animation-pulse\" href=\"https:\/\/www.assicoop.it\/toscana\/trova-agenzia\/\">\n\t\t\t<i aria-hidden=\"true\" class=\"fas fa-map-marker-alt\"><\/i>\t\t\t<\/a>\n\t\t<\/div>\n\t\t\t\t<\/div>\n\t\t\t\t<\/div>\n\t\t\t\t\t<\/div>\n\t\t<\/div>\n\t\t\t\t<div class=\"elementor-column elementor-col-50 elementor-top-column elementor-element elementor-element-733667e\" data-id=\"733667e\" data-element_type=\"column\">\n\t\t\t<div class=\"elementor-widget-wrap elementor-element-populated\">\n\t\t\t\t\t\t<div class=\"elementor-element elementor-element-947e257 elementor-widget elementor-widget-image\" data-id=\"947e257\" data-element_type=\"widget\" data-widget_type=\"image.default\">\n\t\t\t\t<div class=\"elementor-widget-container\">\n\t\t\t\t\t\t\t\t\t\t\t\t\t<img decoding=\"async\" src=\"https:\/\/www.assicoop.it\/toscana\/wp-content\/uploads\/elementor\/thumbs\/protezione-jon-ly-XkuH0Ar5mhA-unsplash-1024x576-1-omgjq8olr7gd25x4vflqog3h6gslvi4p3j1rhxz0me.jpg\" title=\"protezione-assicoop-toscana\" alt=\"assicoop-toscana-protezione\" loading=\"lazy\" \/>\t\t\t\t\t\t\t\t\t\t\t\t\t<\/div>\n\t\t\t\t<\/div>\n\t\t\t\t\t<\/div>\n\t\t<\/div>\n\t\t\t\t\t<\/div>\n\t\t<\/section>\n\t\t\t\t<\/div>\n\t\t","protected":false},"excerpt":{"rendered":"<p>Pensare a come proteggersi fa parte della storia dell\u2019uomo. Un bisogno, pi\u00f9 che mai attuale, che \u00e8 rimasto intatto dai tempi delle caverne. Provvedere al benessere e alla sicurezza della propria famiglia, dei propri cari o della propria impresa oggi \u00e8 pi\u00f9 facile grazie ad una serie di opportunit\u00e0 che rispondono in modo adeguato agli [&hellip;]<\/p>\n","protected":false},"author":2,"featured_media":0,"parent":82,"menu_order":0,"comment_status":"closed","ping_status":"closed","template":"","meta":{"_acf_changed":false,"footnotes":""},"acf":[],"yoast_head":"<!-- This site is optimized with the Yoast SEO plugin v22.2 - https:\/\/yoast.com\/wordpress\/plugins\/seo\/ -->\n<title>Protezione - Assicoop Toscana - Assicurazioni sanitarie<\/title>\n<meta name=\"description\" content=\"Proponiamo assicurazioni sanitarie per privati e aziende, sempre sicure e adatte a te. Contatta direttamente una nostra agenzia! Trova quella pi\u00f9 vicina!\" \/>\n<meta name=\"robots\" content=\"index, follow, max-snippet:-1, max-image-preview:large, max-video-preview:-1\" \/>\n<link rel=\"canonical\" href=\"https:\/\/www.assicoop.it\/toscana\/cosa-facciamo\/protezione\/\" \/>\n<meta property=\"og:locale\" content=\"it_IT\" \/>\n<meta property=\"og:type\" content=\"article\" \/>\n<meta property=\"og:title\" content=\"Protezione - Assicoop Toscana - Assicurazioni sanitarie\" \/>\n<meta property=\"og:description\" content=\"Proponiamo assicurazioni sanitarie per privati e aziende, sempre sicure e adatte a te. Contatta direttamente una nostra agenzia! Trova quella pi\u00f9 vicina!\" \/>\n<meta property=\"og:url\" content=\"https:\/\/www.assicoop.it\/toscana\/cosa-facciamo\/protezione\/\" \/>\n<meta property=\"og:site_name\" content=\"Assicoop Toscana\" \/>\n<meta property=\"article:publisher\" content=\"https:\/\/www.facebook.com\/AssicoopToscana\" \/>\n<meta property=\"article:modified_time\" content=\"2024-11-11T12:25:02+00:00\" \/>\n<meta property=\"og:image\" content=\"https:\/\/www.assicoop.it\/toscana\/wp-content\/uploads\/elementor\/thumbs\/protezione-jon-ly-XkuH0Ar5mhA-unsplash-1024x576-1-omgjq8olr7gd25x4vflqog3h6gslvi4p3j1rhxz0me.jpg\" \/>\n<meta name=\"twitter:card\" content=\"summary_large_image\" \/>\n<meta name=\"twitter:label1\" content=\"Tempo di lettura stimato\" \/>\n\t<meta name=\"twitter:data1\" content=\"1 minuto\" \/>\n<script type=\"application\/ld+json\" class=\"yoast-schema-graph\">{\"@context\":\"https:\/\/schema.org\",\"@graph\":[{\"@type\":\"WebPage\",\"@id\":\"https:\/\/www.assicoop.it\/toscana\/cosa-facciamo\/protezione\/\",\"url\":\"https:\/\/www.assicoop.it\/toscana\/cosa-facciamo\/protezione\/\",\"name\":\"Protezione - Assicoop Toscana - Assicurazioni sanitarie\",\"isPartOf\":{\"@id\":\"https:\/\/www.assicoop.it\/toscana\/#website\"},\"primaryImageOfPage\":{\"@id\":\"https:\/\/www.assicoop.it\/toscana\/cosa-facciamo\/protezione\/#primaryimage\"},\"image\":{\"@id\":\"https:\/\/www.assicoop.it\/toscana\/cosa-facciamo\/protezione\/#primaryimage\"},\"thumbnailUrl\":\"https:\/\/www.assicoop.it\/toscana\/wp-content\/uploads\/elementor\/thumbs\/protezione-jon-ly-XkuH0Ar5mhA-unsplash-1024x576-1-omgjq8olr7gd25x4vflqog3h6gslvi4p3j1rhxz0me.jpg\",\"datePublished\":\"2019-10-21T10:58:25+00:00\",\"dateModified\":\"2024-11-11T12:25:02+00:00\",\"description\":\"Proponiamo assicurazioni sanitarie per privati e aziende, sempre sicure e adatte a te. Contatta direttamente una nostra agenzia! Trova quella pi\u00f9 vicina!\",\"breadcrumb\":{\"@id\":\"https:\/\/www.assicoop.it\/toscana\/cosa-facciamo\/protezione\/#breadcrumb\"},\"inLanguage\":\"it-IT\",\"potentialAction\":[{\"@type\":\"ReadAction\",\"target\":[\"https:\/\/www.assicoop.it\/toscana\/cosa-facciamo\/protezione\/\"]}]},{\"@type\":\"ImageObject\",\"inLanguage\":\"it-IT\",\"@id\":\"https:\/\/www.assicoop.it\/toscana\/cosa-facciamo\/protezione\/#primaryimage\",\"url\":\"https:\/\/www.assicoop.it\/toscana\/wp-content\/uploads\/elementor\/thumbs\/protezione-jon-ly-XkuH0Ar5mhA-unsplash-1024x576-1-omgjq8olr7gd25x4vflqog3h6gslvi4p3j1rhxz0me.jpg\",\"contentUrl\":\"https:\/\/www.assicoop.it\/toscana\/wp-content\/uploads\/elementor\/thumbs\/protezione-jon-ly-XkuH0Ar5mhA-unsplash-1024x576-1-omgjq8olr7gd25x4vflqog3h6gslvi4p3j1rhxz0me.jpg\"},{\"@type\":\"BreadcrumbList\",\"@id\":\"https:\/\/www.assicoop.it\/toscana\/cosa-facciamo\/protezione\/#breadcrumb\",\"itemListElement\":[{\"@type\":\"ListItem\",\"position\":1,\"name\":\"Home\",\"item\":\"https:\/\/www.assicoop.it\/toscana\/\"},{\"@type\":\"ListItem\",\"position\":2,\"name\":\"Cosa Facciamo\",\"item\":\"https:\/\/www.assicoop.it\/toscana\/cosa-facciamo\/\"},{\"@type\":\"ListItem\",\"position\":3,\"name\":\"Protezione\"}]},{\"@type\":\"WebSite\",\"@id\":\"https:\/\/www.assicoop.it\/toscana\/#website\",\"url\":\"https:\/\/www.assicoop.it\/toscana\/\",\"name\":\"Assicoop Toscana\",\"description\":\"Vicina. Sicura. Tua.\",\"publisher\":{\"@id\":\"https:\/\/www.assicoop.it\/toscana\/#organization\"},\"potentialAction\":[{\"@type\":\"SearchAction\",\"target\":{\"@type\":\"EntryPoint\",\"urlTemplate\":\"https:\/\/www.assicoop.it\/toscana\/?s={search_term_string}\"},\"query-input\":\"required name=search_term_string\"}],\"inLanguage\":\"it-IT\"},{\"@type\":\"Organization\",\"@id\":\"https:\/\/www.assicoop.it\/toscana\/#organization\",\"name\":\"Assicoop Toscana\",\"url\":\"https:\/\/www.assicoop.it\/toscana\/\",\"logo\":{\"@type\":\"ImageObject\",\"inLanguage\":\"it-IT\",\"@id\":\"https:\/\/www.assicoop.it\/toscana\/#\/schema\/logo\/image\/\",\"url\":\"https:\/\/www.assicoop.it\/toscana\/wp-content\/uploads\/2019\/10\/Assicoop-Toscana.png\",\"contentUrl\":\"https:\/\/www.assicoop.it\/toscana\/wp-content\/uploads\/2019\/10\/Assicoop-Toscana.png\",\"width\":3154,\"height\":645,\"caption\":\"Assicoop Toscana\"},\"image\":{\"@id\":\"https:\/\/www.assicoop.it\/toscana\/#\/schema\/logo\/image\/\"},\"sameAs\":[\"https:\/\/www.facebook.com\/AssicoopToscana\",\"https:\/\/www.instagram.com\/assicooptoscana_unipolsai\/\",\"https:\/\/www.linkedin.com\/company\/assicoop-toscana---unipolsai-assicurazioni\/\"]}]}<\/script>\n<!-- \/ Yoast SEO plugin. -->","yoast_head_json":{"title":"Protezione - Assicoop Toscana - Assicurazioni sanitarie","description":"Proponiamo assicurazioni sanitarie per privati e aziende, sempre sicure e adatte a te. Contatta direttamente una nostra agenzia! Trova quella pi\u00f9 vicina!","robots":{"index":"index","follow":"follow","max-snippet":"max-snippet:-1","max-image-preview":"max-image-preview:large","max-video-preview":"max-video-preview:-1"},"canonical":"https:\/\/www.assicoop.it\/toscana\/cosa-facciamo\/protezione\/","og_locale":"it_IT","og_type":"article","og_title":"Protezione - Assicoop Toscana - Assicurazioni sanitarie","og_description":"Proponiamo assicurazioni sanitarie per privati e aziende, sempre sicure e adatte a te. Contatta direttamente una nostra agenzia! Trova quella pi\u00f9 vicina!","og_url":"https:\/\/www.assicoop.it\/toscana\/cosa-facciamo\/protezione\/","og_site_name":"Assicoop Toscana","article_publisher":"https:\/\/www.facebook.com\/AssicoopToscana","article_modified_time":"2024-11-11T12:25:02+00:00","og_image":[{"url":"https:\/\/www.assicoop.it\/toscana\/wp-content\/uploads\/elementor\/thumbs\/protezione-jon-ly-XkuH0Ar5mhA-unsplash-1024x576-1-omgjq8olr7gd25x4vflqog3h6gslvi4p3j1rhxz0me.jpg"}],"twitter_card":"summary_large_image","twitter_misc":{"Tempo di lettura stimato":"1 minuto"},"schema":{"@context":"https:\/\/schema.org","@graph":[{"@type":"WebPage","@id":"https:\/\/www.assicoop.it\/toscana\/cosa-facciamo\/protezione\/","url":"https:\/\/www.assicoop.it\/toscana\/cosa-facciamo\/protezione\/","name":"Protezione - Assicoop Toscana - Assicurazioni sanitarie","isPartOf":{"@id":"https:\/\/www.assicoop.it\/toscana\/#website"},"primaryImageOfPage":{"@id":"https:\/\/www.assicoop.it\/toscana\/cosa-facciamo\/protezione\/#primaryimage"},"image":{"@id":"https:\/\/www.assicoop.it\/toscana\/cosa-facciamo\/protezione\/#primaryimage"},"thumbnailUrl":"https:\/\/www.assicoop.it\/toscana\/wp-content\/uploads\/elementor\/thumbs\/protezione-jon-ly-XkuH0Ar5mhA-unsplash-1024x576-1-omgjq8olr7gd25x4vflqog3h6gslvi4p3j1rhxz0me.jpg","datePublished":"2019-10-21T10:58:25+00:00","dateModified":"2024-11-11T12:25:02+00:00","description":"Proponiamo assicurazioni sanitarie per privati e aziende, sempre sicure e adatte a te. Contatta direttamente una nostra agenzia! Trova quella pi\u00f9 vicina!","breadcrumb":{"@id":"https:\/\/www.assicoop.it\/toscana\/cosa-facciamo\/protezione\/#breadcrumb"},"inLanguage":"it-IT","potentialAction":[{"@type":"ReadAction","target":["https:\/\/www.assicoop.it\/toscana\/cosa-facciamo\/protezione\/"]}]},{"@type":"ImageObject","inLanguage":"it-IT","@id":"https:\/\/www.assicoop.it\/toscana\/cosa-facciamo\/protezione\/#primaryimage","url":"https:\/\/www.assicoop.it\/toscana\/wp-content\/uploads\/elementor\/thumbs\/protezione-jon-ly-XkuH0Ar5mhA-unsplash-1024x576-1-omgjq8olr7gd25x4vflqog3h6gslvi4p3j1rhxz0me.jpg","contentUrl":"https:\/\/www.assicoop.it\/toscana\/wp-content\/uploads\/elementor\/thumbs\/protezione-jon-ly-XkuH0Ar5mhA-unsplash-1024x576-1-omgjq8olr7gd25x4vflqog3h6gslvi4p3j1rhxz0me.jpg"},{"@type":"BreadcrumbList","@id":"https:\/\/www.assicoop.it\/toscana\/cosa-facciamo\/protezione\/#breadcrumb","itemListElement":[{"@type":"ListItem","position":1,"name":"Home","item":"https:\/\/www.assicoop.it\/toscana\/"},{"@type":"ListItem","position":2,"name":"Cosa Facciamo","item":"https:\/\/www.assicoop.it\/toscana\/cosa-facciamo\/"},{"@type":"ListItem","position":3,"name":"Protezione"}]},{"@type":"WebSite","@id":"https:\/\/www.assicoop.it\/toscana\/#website","url":"https:\/\/www.assicoop.it\/toscana\/","name":"Assicoop Toscana","description":"Vicina. Sicura. Tua.","publisher":{"@id":"https:\/\/www.assicoop.it\/toscana\/#organization"},"potentialAction":[{"@type":"SearchAction","target":{"@type":"EntryPoint","urlTemplate":"https:\/\/www.assicoop.it\/toscana\/?s={search_term_string}"},"query-input":"required name=search_term_string"}],"inLanguage":"it-IT"},{"@type":"Organization","@id":"https:\/\/www.assicoop.it\/toscana\/#organization","name":"Assicoop Toscana","url":"https:\/\/www.assicoop.it\/toscana\/","logo":{"@type":"ImageObject","inLanguage":"it-IT","@id":"https:\/\/www.assicoop.it\/toscana\/#\/schema\/logo\/image\/","url":"https:\/\/www.assicoop.it\/toscana\/wp-content\/uploads\/2019\/10\/Assicoop-Toscana.png","contentUrl":"https:\/\/www.assicoop.it\/toscana\/wp-content\/uploads\/2019\/10\/Assicoop-Toscana.png","width":3154,"height":645,"caption":"Assicoop Toscana"},"image":{"@id":"https:\/\/www.assicoop.it\/toscana\/#\/schema\/logo\/image\/"},"sameAs":["https:\/\/www.facebook.com\/AssicoopToscana","https:\/\/www.instagram.com\/assicooptoscana_unipolsai\/","https:\/\/www.linkedin.com\/company\/assicoop-toscana---unipolsai-assicurazioni\/"]}]}},"_links":{"self":[{"href":"https:\/\/www.assicoop.it\/toscana\/wp-json\/wp\/v2\/pages\/113"}],"collection":[{"href":"https:\/\/www.assicoop.it\/toscana\/wp-json\/wp\/v2\/pages"}],"about":[{"href":"https:\/\/www.assicoop.it\/toscana\/wp-json\/wp\/v2\/types\/page"}],"author":[{"embeddable":true,"href":"https:\/\/www.assicoop.it\/toscana\/wp-json\/wp\/v2\/users\/2"}],"replies":[{"embeddable":true,"href":"https:\/\/www.assicoop.it\/toscana\/wp-json\/wp\/v2\/comments?post=113"}],"version-history":[{"count":25,"href":"https:\/\/www.assicoop.it\/toscana\/wp-json\/wp\/v2\/pages\/113\/revisions"}],"predecessor-version":[{"id":16662,"href":"https:\/\/www.assicoop.it\/toscana\/wp-json\/wp\/v2\/pages\/113\/revisions\/16662"}],"up":[{"embeddable":true,"href":"https:\/\/www.assicoop.it\/toscana\/wp-json\/wp\/v2\/pages\/82"}],"wp:attachment":[{"href":"https:\/\/www.assicoop.it\/toscana\/wp-json\/wp\/v2\/media?parent=113"}],"curies":[{"name":"wp","href":"https:\/\/api.w.org\/{rel}","templated":true}]}}