{"id":9009,"date":"2023-12-14T11:04:19","date_gmt":"2023-12-14T10:04:19","guid":{"rendered":"https:\/\/www.assicoop.it\/romagnafutura\/?page_id=9009"},"modified":"2023-12-15T14:54:28","modified_gmt":"2023-12-15T13:54:28","slug":"whistleblowing","status":"publish","type":"page","link":"https:\/\/www.assicoop.it\/romagnafutura\/whistleblowing\/","title":{"rendered":"Whistleblowing"},"content":{"rendered":"\t\t<div data-elementor-type=\"wp-post\" data-elementor-id=\"9009\" class=\"elementor elementor-9009\" data-elementor-post-type=\"page\">\n\t\t\t\t\t\t<section class=\"elementor-section elementor-top-section elementor-element elementor-element-caff2b1 elementor-section-full_width elementor-section-height-min-height elementor-section-height-default elementor-section-items-middle\" data-id=\"caff2b1\" data-element_type=\"section\" data-settings=\"{&quot;background_background&quot;:&quot;classic&quot;}\">\n\t\t\t\t\t\t\t<div class=\"elementor-background-overlay\"><\/div>\n\t\t\t\t\t\t\t<div class=\"elementor-container elementor-column-gap-default\">\n\t\t\t\t\t<div class=\"elementor-column elementor-col-100 elementor-top-column elementor-element elementor-element-f302156\" data-id=\"f302156\" data-element_type=\"column\">\n\t\t\t<div class=\"elementor-widget-wrap elementor-element-populated\">\n\t\t\t\t\t\t<div class=\"elementor-element elementor-element-0a21cc6 elementor-widget elementor-widget-spacer\" data-id=\"0a21cc6\" data-element_type=\"widget\" data-widget_type=\"spacer.default\">\n\t\t\t\t<div class=\"elementor-widget-container\">\n\t\t\t\t\t\t\t<div class=\"elementor-spacer\">\n\t\t\t<div class=\"elementor-spacer-inner\"><\/div>\n\t\t<\/div>\n\t\t\t\t\t\t<\/div>\n\t\t\t\t<\/div>\n\t\t\t\t<div class=\"elementor-element elementor-element-4ac73b6 elementor-invisible elementor-widget elementor-widget-heading\" data-id=\"4ac73b6\" data-element_type=\"widget\" data-settings=\"{&quot;_animation&quot;:&quot;fadeIn&quot;}\" data-widget_type=\"heading.default\">\n\t\t\t\t<div class=\"elementor-widget-container\">\n\t\t\t\t\t<h1 class=\"elementor-heading-title elementor-size-default\">Whistleblowing<\/h1>\t\t\t\t<\/div>\n\t\t\t\t<\/div>\n\t\t\t\t<div class=\"elementor-element elementor-element-3ef3bfa elementor-widget elementor-widget-heading\" data-id=\"3ef3bfa\" data-element_type=\"widget\" data-widget_type=\"heading.default\">\n\t\t\t\t<div class=\"elementor-widget-container\">\n\t\t\t\t\t<h2 class=\"elementor-heading-title elementor-size-default\">Hai mai sentito parlare di w<i>histleblowing<\/i>?<\/h2>\t\t\t\t<\/div>\n\t\t\t\t<\/div>\n\t\t\t\t<div class=\"elementor-element elementor-element-652ad84 elementor-widget elementor-widget-spacer\" data-id=\"652ad84\" data-element_type=\"widget\" data-widget_type=\"spacer.default\">\n\t\t\t\t<div class=\"elementor-widget-container\">\n\t\t\t\t\t\t\t<div class=\"elementor-spacer\">\n\t\t\t<div class=\"elementor-spacer-inner\"><\/div>\n\t\t<\/div>\n\t\t\t\t\t\t<\/div>\n\t\t\t\t<\/div>\n\t\t\t\t\t<\/div>\n\t\t<\/div>\n\t\t\t\t\t<\/div>\n\t\t<\/section>\n\t\t\t\t<section class=\"elementor-section elementor-top-section elementor-element elementor-element-2bd1e61 elementor-section-boxed elementor-section-height-default elementor-section-height-default\" data-id=\"2bd1e61\" data-element_type=\"section\">\n\t\t\t\t\t\t<div class=\"elementor-container elementor-column-gap-default\">\n\t\t\t\t\t<div class=\"elementor-column elementor-col-100 elementor-top-column elementor-element elementor-element-89d2628\" data-id=\"89d2628\" data-element_type=\"column\">\n\t\t\t<div class=\"elementor-widget-wrap elementor-element-populated\">\n\t\t\t\t\t\t<div class=\"elementor-element elementor-element-d124f5a elementor-widget elementor-widget-spacer\" data-id=\"d124f5a\" data-element_type=\"widget\" data-widget_type=\"spacer.default\">\n\t\t\t\t<div class=\"elementor-widget-container\">\n\t\t\t\t\t\t\t<div class=\"elementor-spacer\">\n\t\t\t<div class=\"elementor-spacer-inner\"><\/div>\n\t\t<\/div>\n\t\t\t\t\t\t<\/div>\n\t\t\t\t<\/div>\n\t\t\t\t<div class=\"elementor-element elementor-element-07cf854 elementor-widget elementor-widget-text-editor\" data-id=\"07cf854\" data-element_type=\"widget\" data-widget_type=\"text-editor.default\">\n\t\t\t\t<div class=\"elementor-widget-container\">\n\t\t\t\t\t\t\t\t\t<p><span style=\"font-weight: 400;\">Con il termine <\/span><i><span style=\"font-weight: 400;\">whistleblower<\/span><\/i><span style=\"font-weight: 400;\">\u00a0(dall&#8217;inglese:\u00a0<\/span><i><span style=\"font-weight: 400;\">to\u00a0blow\u00a0the\u00a0whistle<\/span><\/i><span style=\"font-weight: 400;\">\u00a0&#8211; soffiare il fischietto) si fa generalmente riferimento alla persona che, venuta a conoscenza di atti o fatti potenzialmente illeciti nel proprio contesto lavorativo, decide di denunciarli servendosi di canali interni riservati e indipendenti, appositamente previsti dall\u2019azienda.<\/span><\/p><p><span style=\"font-weight: 400;\">Assicoop Romagna Futura ha adottato un\u00a0<\/span><b>sistema interno per la segnalazione delle violazioni<\/b><span style=\"font-weight: 400;\">\u00a0che ha l\u2019obiettivo di salvaguardare la\u00a0<\/span><b>riservatezza<\/b><span style=\"font-weight: 400;\">\u00a0dell&#8217;identit\u00e0 del segnalante e\u00a0<\/span><b>tutelarlo da condotte ritorsive<\/b><span style=\"font-weight: 400;\">\u00a0conseguenti alla segnalazione, in linea con la normativa emanata in materia di whistleblowing a livello europeo e nazionale (da ultimo il D. Lgs. 15 marzo 2023 n. 24, che recepisce nell\u2019ordinamento italiano la Direttiva (UE) 2019\/1937).<\/span><\/p><p><span style=\"font-weight: 400;\">Il sistema di segnalazione \u00e8 formalizzato in una <\/span><b>Procedura<\/b><span style=\"font-weight: 400;\">,\u00a0<\/span><i><span style=\"font-weight: 400;\">consultabile da questa pagina<\/span><\/i><span style=\"font-weight: 400;\">.<\/span><\/p><p><span style=\"font-weight: 400;\">Ai sensi della Procedura, Assicoop Romagna Futura ha istituito un <\/span><b>proprio canale dedicato<\/b><span style=\"font-weight: 400;\">, attraverso il quale \u00e8 possibile segnalare comportamenti, atti od omissioni \u2013 compresi i fondati sospetti \u2013 di cui il segnalante sia venuto a conoscenza nel contesto lavorativo e che ritiene possano costituire una violazione delle norme disciplinanti l&#8217;attivit\u00e0 svolta dalla Societ\u00e0.\u00a0<\/span><\/p><p><span style=\"font-weight: 400;\">La <\/span><b>struttura preposta<\/b><span style=\"font-weight: 400;\"> alla ricezione e alla gestione delle segnalazioni, i <\/span><b>mezzi<\/b><span style=\"font-weight: 400;\">\u00a0attraverso cui le stesse possono essere trasmesse \u2013 in forma scritta o mediante incontro diretto \u2013 nonch\u00e9 il\u00a0<\/span><b>processo di gestione<\/b><span style=\"font-weight: 400;\">\u00a0delle segnalazioni ricevute sono definiti dalla Procedura, cui si rimanda per ogni dettaglio.<\/span><\/p><p><span style=\"font-weight: 400;\">In particolare, \u00e8 previsto per tutti i segnalanti l\u2019utilizzo di una apposita\u00a0<\/span><b>Piattaforma informatica<\/b><span style=\"font-weight: 400;\">\u00a0<\/span><span style=\"font-weight: 400;\">\u2013\u00a0<\/span><i><span style=\"font-weight: 400;\">disponibile al link indicato in questa pagina<\/span><\/i><span style=\"font-weight: 400;\">\u00a0\u2013 idonea a garantire, con modalit\u00e0 informatiche, la riservatezza dell&#8217;identit\u00e0 del segnalante. I dati personali eventualmente raccolti saranno trattati in conformit\u00e0 alla vigente Normativa sulla Protezione dei Dati Personali come da <\/span><b>Informativa Privacy<\/b><span style=\"font-weight: 400;\">, <\/span><i><span style=\"font-weight: 400;\">consultabile da questa pagina.<\/span><\/i><\/p><p><span style=\"font-weight: 400;\">Al ricorrere di determinate condizioni previste dalla normativa, \u00e8 possibile effettuare\u00a0<\/span><b>segnalazioni esterne direttamente all\u2019Autorit\u00e0 nazionale anticorruzione<\/b><span style=\"font-weight: 400;\">\u00a0(ANAC). Le informazioni sul canale, sulle procedure e sui presupposti per effettuare le segnalazioni esterne sono riportate nella Procedura.<\/span><\/p><p><strong><a href=\"https:\/\/www.assicoop.it\/romagnafutura\/wp-content\/uploads\/2023\/12\/ARF-Policy_InformativaWB.pdf\">LEGGI LA PROCEDURA<\/a><\/strong><\/p>\t\t\t\t\t\t\t\t<\/div>\n\t\t\t\t<\/div>\n\t\t\t\t\t<\/div>\n\t\t<\/div>\n\t\t\t\t\t<\/div>\n\t\t<\/section>\n\t\t\t\t<section class=\"elementor-section elementor-top-section elementor-element elementor-element-e80aad3 elementor-section-boxed elementor-section-height-default elementor-section-height-default\" data-id=\"e80aad3\" data-element_type=\"section\">\n\t\t\t\t\t\t<div class=\"elementor-container elementor-column-gap-default\">\n\t\t\t\t\t<div class=\"elementor-column elementor-col-100 elementor-top-column elementor-element elementor-element-e0bc2c9\" data-id=\"e0bc2c9\" data-element_type=\"column\">\n\t\t\t<div class=\"elementor-widget-wrap elementor-element-populated\">\n\t\t\t\t\t\t<div class=\"elementor-element elementor-element-e0cfae0 elementor-align-center elementor-widget elementor-widget-button\" data-id=\"e0cfae0\" data-element_type=\"widget\" data-widget_type=\"button.default\">\n\t\t\t\t<div class=\"elementor-widget-container\">\n\t\t\t\t\t\t\t\t\t<div class=\"elementor-button-wrapper\">\n\t\t\t\t\t<a class=\"elementor-button elementor-button-link elementor-size-md\" href=\"https:\/\/assicoop-romagna-futura.whistletech.online\/#\/\" target=\"_blank\">\n\t\t\t\t\t\t<span class=\"elementor-button-content-wrapper\">\n\t\t\t\t\t\t\t\t\t<span class=\"elementor-button-text\">Fai una segnalazione<\/span>\n\t\t\t\t\t<\/span>\n\t\t\t\t\t<\/a>\n\t\t\t\t<\/div>\n\t\t\t\t\t\t\t\t<\/div>\n\t\t\t\t<\/div>\n\t\t\t\t\t<\/div>\n\t\t<\/div>\n\t\t\t\t\t<\/div>\n\t\t<\/section>\n\t\t\t\t<\/div>\n\t\t","protected":false},"excerpt":{"rendered":"<p>Hai mai sentito parlare di whistleblowing? Con il termine whistleblower\u00a0(dall&#8217;inglese:\u00a0to\u00a0blow\u00a0the\u00a0whistle\u00a0&#8211; soffiare il fischietto) si fa generalmente riferimento alla persona che, venuta a conoscenza di atti o fatti potenzialmente illeciti nel proprio contesto lavorativo, decide di denunciarli servendosi di canali interni riservati e indipendenti, appositamente previsti dall\u2019azienda. Assicoop Romagna Futura ha adottato un\u00a0sistema interno per la [&hellip;]<\/p>\n","protected":false},"author":9,"featured_media":0,"parent":0,"menu_order":0,"comment_status":"closed","ping_status":"closed","template":"","meta":{"footnotes":""},"yoast_head":"<!-- This site is optimized with the Yoast SEO plugin v22.1 - https:\/\/yoast.com\/wordpress\/plugins\/seo\/ -->\n<title>Assicoop Romagna Futura - Come trattiamo i dati personali<\/title>\n<meta name=\"robots\" content=\"index, follow, max-snippet:-1, max-image-preview:large, max-video-preview:-1\" \/>\n<link rel=\"canonical\" href=\"https:\/\/www.assicoop.it\/romagnafutura\/whistleblowing\/\" \/>\n<meta property=\"og:locale\" content=\"it_IT\" \/>\n<meta property=\"og:type\" content=\"article\" \/>\n<meta property=\"og:title\" content=\"Assicoop Romagna Futura - Come trattiamo i dati personali\" \/>\n<meta property=\"og:description\" content=\"Hai mai sentito parlare di whistleblowing? Con il termine whistleblower\u00a0(dall&#8217;inglese:\u00a0to\u00a0blow\u00a0the\u00a0whistle\u00a0&#8211; soffiare il fischietto) si fa generalmente riferimento alla persona che, venuta a conoscenza di atti o fatti potenzialmente illeciti nel proprio contesto lavorativo, decide di denunciarli servendosi di canali interni riservati e indipendenti, appositamente previsti dall\u2019azienda. Assicoop Romagna Futura ha adottato un\u00a0sistema interno per la [&hellip;]\" \/>\n<meta property=\"og:url\" content=\"https:\/\/www.assicoop.it\/romagnafutura\/whistleblowing\/\" \/>\n<meta property=\"og:site_name\" content=\"Assicoop Romagna Futura\" \/>\n<meta property=\"article:publisher\" content=\"https:\/\/www.facebook.com\/AssicoopRomagnaFutura\/\" \/>\n<meta property=\"article:modified_time\" content=\"2023-12-15T13:54:28+00:00\" \/>\n<meta name=\"twitter:card\" content=\"summary_large_image\" \/>\n<meta name=\"twitter:label1\" content=\"Tempo di lettura stimato\" \/>\n\t<meta name=\"twitter:data1\" content=\"2 minuti\" \/>\n<script type=\"application\/ld+json\" class=\"yoast-schema-graph\">{\"@context\":\"https:\/\/schema.org\",\"@graph\":[{\"@type\":\"WebPage\",\"@id\":\"https:\/\/www.assicoop.it\/romagnafutura\/whistleblowing\/\",\"url\":\"https:\/\/www.assicoop.it\/romagnafutura\/whistleblowing\/\",\"name\":\"Assicoop Romagna Futura - Come trattiamo i dati personali\",\"isPartOf\":{\"@id\":\"https:\/\/www.assicoop.it\/romagnafutura\/#website\"},\"datePublished\":\"2023-12-14T10:04:19+00:00\",\"dateModified\":\"2023-12-15T13:54:28+00:00\",\"breadcrumb\":{\"@id\":\"https:\/\/www.assicoop.it\/romagnafutura\/whistleblowing\/#breadcrumb\"},\"inLanguage\":\"it-IT\",\"potentialAction\":[{\"@type\":\"ReadAction\",\"target\":[\"https:\/\/www.assicoop.it\/romagnafutura\/whistleblowing\/\"]}]},{\"@type\":\"BreadcrumbList\",\"@id\":\"https:\/\/www.assicoop.it\/romagnafutura\/whistleblowing\/#breadcrumb\",\"itemListElement\":[{\"@type\":\"ListItem\",\"position\":1,\"name\":\"Home\",\"item\":\"https:\/\/www.assicoop.it\/romagnafutura\/\"},{\"@type\":\"ListItem\",\"position\":2,\"name\":\"Whistleblowing\"}]},{\"@type\":\"WebSite\",\"@id\":\"https:\/\/www.assicoop.it\/romagnafutura\/#website\",\"url\":\"https:\/\/www.assicoop.it\/romagnafutura\/\",\"name\":\"Assicoop Romagna Futura\",\"description\":\"Vicina. Sicura. Tua.\",\"publisher\":{\"@id\":\"https:\/\/www.assicoop.it\/romagnafutura\/#organization\"},\"potentialAction\":[{\"@type\":\"SearchAction\",\"target\":{\"@type\":\"EntryPoint\",\"urlTemplate\":\"https:\/\/www.assicoop.it\/romagnafutura\/?s={search_term_string}\"},\"query-input\":\"required name=search_term_string\"}],\"inLanguage\":\"it-IT\"},{\"@type\":\"Organization\",\"@id\":\"https:\/\/www.assicoop.it\/romagnafutura\/#organization\",\"name\":\"Assicoop Romagna Futura\",\"url\":\"https:\/\/www.assicoop.it\/romagnafutura\/\",\"logo\":{\"@type\":\"ImageObject\",\"inLanguage\":\"it-IT\",\"@id\":\"https:\/\/www.assicoop.it\/romagnafutura\/#\/schema\/logo\/image\/\",\"url\":\"https:\/\/www.assicoop.it\/romagnafutura\/wp-content\/uploads\/2021\/11\/Assicoop-Romagna-Futura-COLORE.svg\",\"contentUrl\":\"https:\/\/www.assicoop.it\/romagnafutura\/wp-content\/uploads\/2021\/11\/Assicoop-Romagna-Futura-COLORE.svg\",\"width\":209,\"height\":44,\"caption\":\"Assicoop Romagna Futura\"},\"image\":{\"@id\":\"https:\/\/www.assicoop.it\/romagnafutura\/#\/schema\/logo\/image\/\"},\"sameAs\":[\"https:\/\/www.facebook.com\/AssicoopRomagnaFutura\/\",\"https:\/\/www.instagram.com\/assicoopromagnafuturaunipolsai\/\"]}]}<\/script>\n<!-- \/ Yoast SEO plugin. -->","yoast_head_json":{"title":"Assicoop Romagna Futura - Come trattiamo i dati personali","robots":{"index":"index","follow":"follow","max-snippet":"max-snippet:-1","max-image-preview":"max-image-preview:large","max-video-preview":"max-video-preview:-1"},"canonical":"https:\/\/www.assicoop.it\/romagnafutura\/whistleblowing\/","og_locale":"it_IT","og_type":"article","og_title":"Assicoop Romagna Futura - Come trattiamo i dati personali","og_description":"Hai mai sentito parlare di whistleblowing? Con il termine whistleblower\u00a0(dall&#8217;inglese:\u00a0to\u00a0blow\u00a0the\u00a0whistle\u00a0&#8211; soffiare il fischietto) si fa generalmente riferimento alla persona che, venuta a conoscenza di atti o fatti potenzialmente illeciti nel proprio contesto lavorativo, decide di denunciarli servendosi di canali interni riservati e indipendenti, appositamente previsti dall\u2019azienda. Assicoop Romagna Futura ha adottato un\u00a0sistema interno per la [&hellip;]","og_url":"https:\/\/www.assicoop.it\/romagnafutura\/whistleblowing\/","og_site_name":"Assicoop Romagna Futura","article_publisher":"https:\/\/www.facebook.com\/AssicoopRomagnaFutura\/","article_modified_time":"2023-12-15T13:54:28+00:00","twitter_card":"summary_large_image","twitter_misc":{"Tempo di lettura stimato":"2 minuti"},"schema":{"@context":"https:\/\/schema.org","@graph":[{"@type":"WebPage","@id":"https:\/\/www.assicoop.it\/romagnafutura\/whistleblowing\/","url":"https:\/\/www.assicoop.it\/romagnafutura\/whistleblowing\/","name":"Assicoop Romagna Futura - Come trattiamo i dati personali","isPartOf":{"@id":"https:\/\/www.assicoop.it\/romagnafutura\/#website"},"datePublished":"2023-12-14T10:04:19+00:00","dateModified":"2023-12-15T13:54:28+00:00","breadcrumb":{"@id":"https:\/\/www.assicoop.it\/romagnafutura\/whistleblowing\/#breadcrumb"},"inLanguage":"it-IT","potentialAction":[{"@type":"ReadAction","target":["https:\/\/www.assicoop.it\/romagnafutura\/whistleblowing\/"]}]},{"@type":"BreadcrumbList","@id":"https:\/\/www.assicoop.it\/romagnafutura\/whistleblowing\/#breadcrumb","itemListElement":[{"@type":"ListItem","position":1,"name":"Home","item":"https:\/\/www.assicoop.it\/romagnafutura\/"},{"@type":"ListItem","position":2,"name":"Whistleblowing"}]},{"@type":"WebSite","@id":"https:\/\/www.assicoop.it\/romagnafutura\/#website","url":"https:\/\/www.assicoop.it\/romagnafutura\/","name":"Assicoop Romagna Futura","description":"Vicina. Sicura. Tua.","publisher":{"@id":"https:\/\/www.assicoop.it\/romagnafutura\/#organization"},"potentialAction":[{"@type":"SearchAction","target":{"@type":"EntryPoint","urlTemplate":"https:\/\/www.assicoop.it\/romagnafutura\/?s={search_term_string}"},"query-input":"required name=search_term_string"}],"inLanguage":"it-IT"},{"@type":"Organization","@id":"https:\/\/www.assicoop.it\/romagnafutura\/#organization","name":"Assicoop Romagna Futura","url":"https:\/\/www.assicoop.it\/romagnafutura\/","logo":{"@type":"ImageObject","inLanguage":"it-IT","@id":"https:\/\/www.assicoop.it\/romagnafutura\/#\/schema\/logo\/image\/","url":"https:\/\/www.assicoop.it\/romagnafutura\/wp-content\/uploads\/2021\/11\/Assicoop-Romagna-Futura-COLORE.svg","contentUrl":"https:\/\/www.assicoop.it\/romagnafutura\/wp-content\/uploads\/2021\/11\/Assicoop-Romagna-Futura-COLORE.svg","width":209,"height":44,"caption":"Assicoop Romagna Futura"},"image":{"@id":"https:\/\/www.assicoop.it\/romagnafutura\/#\/schema\/logo\/image\/"},"sameAs":["https:\/\/www.facebook.com\/AssicoopRomagnaFutura\/","https:\/\/www.instagram.com\/assicoopromagnafuturaunipolsai\/"]}]}},"_links":{"self":[{"href":"https:\/\/www.assicoop.it\/romagnafutura\/wp-json\/wp\/v2\/pages\/9009"}],"collection":[{"href":"https:\/\/www.assicoop.it\/romagnafutura\/wp-json\/wp\/v2\/pages"}],"about":[{"href":"https:\/\/www.assicoop.it\/romagnafutura\/wp-json\/wp\/v2\/types\/page"}],"author":[{"embeddable":true,"href":"https:\/\/www.assicoop.it\/romagnafutura\/wp-json\/wp\/v2\/users\/9"}],"replies":[{"embeddable":true,"href":"https:\/\/www.assicoop.it\/romagnafutura\/wp-json\/wp\/v2\/comments?post=9009"}],"version-history":[{"count":19,"href":"https:\/\/www.assicoop.it\/romagnafutura\/wp-json\/wp\/v2\/pages\/9009\/revisions"}],"predecessor-version":[{"id":9031,"href":"https:\/\/www.assicoop.it\/romagnafutura\/wp-json\/wp\/v2\/pages\/9009\/revisions\/9031"}],"wp:attachment":[{"href":"https:\/\/www.assicoop.it\/romagnafutura\/wp-json\/wp\/v2\/media?parent=9009"}],"curies":[{"name":"wp","href":"https:\/\/api.w.org\/{rel}","templated":true}]}}