{"id":4303,"date":"2019-09-03T11:11:09","date_gmt":"2019-09-03T09:11:09","guid":{"rendered":"https:\/\/www.assicoop.it\/romagnafutura\/?page_id=4303"},"modified":"2025-01-21T17:49:47","modified_gmt":"2025-01-21T16:49:47","slug":"privacy","status":"publish","type":"page","link":"https:\/\/www.assicoop.it\/romagnafutura\/privacy\/","title":{"rendered":"Privacy"},"content":{"rendered":"\t\t<div data-elementor-type=\"wp-post\" data-elementor-id=\"4303\" class=\"elementor elementor-4303\" data-elementor-post-type=\"page\">\n\t\t\t\t\t\t<section class=\"elementor-section elementor-top-section elementor-element elementor-element-caff2b1 elementor-section-full_width elementor-section-height-min-height elementor-section-height-default elementor-section-items-middle\" data-id=\"caff2b1\" data-element_type=\"section\" data-settings=\"{&quot;background_background&quot;:&quot;classic&quot;}\">\n\t\t\t\t\t\t\t<div class=\"elementor-background-overlay\"><\/div>\n\t\t\t\t\t\t\t<div class=\"elementor-container elementor-column-gap-default\">\n\t\t\t\t\t<div class=\"elementor-column elementor-col-100 elementor-top-column elementor-element elementor-element-f302156\" data-id=\"f302156\" data-element_type=\"column\">\n\t\t\t<div class=\"elementor-widget-wrap elementor-element-populated\">\n\t\t\t\t\t\t<div class=\"elementor-element elementor-element-4ac73b6 elementor-invisible elementor-widget elementor-widget-heading\" data-id=\"4ac73b6\" data-element_type=\"widget\" data-settings=\"{&quot;_animation&quot;:&quot;fadeIn&quot;}\" data-widget_type=\"heading.default\">\n\t\t\t\t<div class=\"elementor-widget-container\">\n\t\t\t\t\t<h1 class=\"elementor-heading-title elementor-size-default\">Privacy<\/h1>\t\t\t\t<\/div>\n\t\t\t\t<\/div>\n\t\t\t\t\t<\/div>\n\t\t<\/div>\n\t\t\t\t\t<\/div>\n\t\t<\/section>\n\t\t\t\t<section class=\"elementor-section elementor-top-section elementor-element elementor-element-2bd1e61 elementor-section-boxed elementor-section-height-default elementor-section-height-default\" data-id=\"2bd1e61\" data-element_type=\"section\">\n\t\t\t\t\t\t<div class=\"elementor-container elementor-column-gap-default\">\n\t\t\t\t\t<div class=\"elementor-column elementor-col-100 elementor-top-column elementor-element elementor-element-89d2628\" data-id=\"89d2628\" data-element_type=\"column\">\n\t\t\t<div class=\"elementor-widget-wrap elementor-element-populated\">\n\t\t\t\t\t\t<div class=\"elementor-element elementor-element-d124f5a elementor-widget elementor-widget-spacer\" data-id=\"d124f5a\" data-element_type=\"widget\" data-widget_type=\"spacer.default\">\n\t\t\t\t<div class=\"elementor-widget-container\">\n\t\t\t\t\t\t\t<div class=\"elementor-spacer\">\n\t\t\t<div class=\"elementor-spacer-inner\"><\/div>\n\t\t<\/div>\n\t\t\t\t\t\t<\/div>\n\t\t\t\t<\/div>\n\t\t\t\t<div class=\"elementor-element elementor-element-07cf854 elementor-widget elementor-widget-text-editor\" data-id=\"07cf854\" data-element_type=\"widget\" data-widget_type=\"text-editor.default\">\n\t\t\t\t<div class=\"elementor-widget-container\">\n\t\t\t\t\t\t\t\t\t<p><strong>Il Titolare del Trattamento<\/strong><\/p><p>Nel corso o a seguito della consultazione di questo sito Internet, possono essere trattati dati relativi a persone identificate o identificabili. Il \u201ctitolare\u201d del loro trattamento \u00e8 Assicoop Romagna Futura SpA, Via Faentina 106, 48123 Ravenna.<\/p><p>Il Responsabile della protezione dei dati \u00e8 stato nominato ed \u00e8 contattabile tramite e-mail\u00a0<a href=\"mailto:assicoopromagnafutura@legalmail.it\">assicoopromagnafutura@legalmail.it<\/a>.<\/p><p><strong>Luogo di Trattamento dei Dati<\/strong><\/p><p>I trattamenti connessi ai servizi web di questo sito hanno luogo presso la predetta sede e sono curati solo da personale incaricato del trattamento, oppure da eventuali incaricati di operazioni di manutenzione.<br \/>I dati personali forniti dagli utenti che inoltrano specifiche richieste sono utilizzati al solo fine di, eventualmente, eseguire il servizio o la prestazione richiesta e sono comunicati a terzi nel solo caso in cui ci\u00f2 sia a tal fine necessario.<\/p><p><strong>Tipi di Dati trattati<\/strong><\/p><p><strong>** Dati di navigazione<\/strong><\/p><p>I sistemi informatici e le procedure software preposte al funzionamento di questo sito Internet acquisiscono, nel corso del loro normale esercizio, alcuni dati personali la cui trasmissione \u00e8 implicita nell\u2019uso dei protocolli di comunicazione di Internet. Si tratta di informazioni che non sono raccolte per essere associate a interessati identificati, ma che per loro stessa natura potrebbero, attraverso elaborazioni ed associazioni con dati detenuti da terzi, permettere di identificare gli utenti.<\/p><p>Questi dati vengono utilizzati al solo fine di ricavare informazioni statistiche anonime sull\u2019uso del sito e per controllarne il corretto funzionamento.<\/p><p><strong>** Dati forniti volontariamente dall\u2019utente<\/strong><\/p><p>L\u2019invio facoltativo, esplicito e volontario di posta elettronica agli indirizzi indicati su questo sito comporta la successiva acquisizione dell\u2019indirizzo del mittente, necessario per rispondere alle richieste, nonch\u00e9 degli eventuali altri dati personali inseriti nella missiva.<\/p><p>Specifiche informative di sintesi verranno progressivamente riportate o visualizzate nelle pagine del sito predisposte per particolari servizi a richiesta.<\/p><p><strong>** Cookies<\/strong><\/p><p>I cookies sono una piccola quantit\u00e0 di dati che vengono memorizzati nella RAM del computer o sul disco fisso, ogni volta che un sito web viene visitato. Il nostro sito Internet utilizza i cookies per riconoscere e tenere traccia dei visitatori, al fine di fornire loro un accesso pi\u00f9 veloce al sito e di modificarne i contenuti in base alle preferenze. I cookies non consentono in alcun modo al sito visitato di avere accesso a qualsiasi altro dato presente nel computer degli utenti. Per ulteriori informazioni si veda la specifica informativa sui cookies presente sul nostro sito web.<\/p><p><strong>Facoltativit\u00e0 del conferimento dei Dati<\/strong><\/p><p>A parte quanto specificato per i dati di navigazione, l\u2019utente \u00e8 libero di fornire i dati personali qualora richiesto in apposite sezioni del sito.<\/p><p>Il loro mancato conferimento, tuttavia, pu\u00f2 comportare l\u2019impossibilit\u00e0 di ottenere quanto eventualmente richiesto.<\/p><p><strong>Modalit\u00e0 del Trattamento<\/strong><\/p><p>I dati personali sono trattati con strumenti automatizzati per il tempo strettamente necessario a conseguire gli scopi per cui sono stati raccolti.<\/p><p>Specifiche misure di sicurezza sono osservate per prevenire la perdita dei dati, usi illeciti o non corretti ed accessi non autorizzati.<\/p><p><strong>Diritti degli interessati<\/strong><\/p><p>In relazione ai dati oggetto del trattamento di cui alla presente informativa all\u2019interessato \u00e8 riconosciuto in qualsiasi momento il diritto di:<\/p><p>Accesso (art. 15 Regolamento UE n. 2016\/679);<br \/>Rettifica (art. 16 Regolamento UE n. 2016\/679);<br \/>Cancellazione (art. 17 Regolamento UE n. 2016\/679);<br \/>Limitazione (art. 18 Regolamento UE n. 2016\/679);<br \/>Portabilit\u00e0, intesa come diritto ad ottenere dal titolare del trattamento i dati in un formato strutturato di uso comune e leggibile da dispositivo automatico per trasmetterli ad un altro titolare del trattamento senza impedimenti (art. 20 Regolamento UE n. 2016\/679);<br \/>Opposizione al trattamento (art. 21 Regolamento UE n. 2016\/679);<br \/>Revoca del consenso al trattamento, senza pregiudizio per la liceit\u00e0 del trattamento basata sul consenso acquisito prima della revoca (art. 7, par. 3 Regolamento UE n.2016\/679);<br \/>Proporre reclamo all\u2019Autorit\u00e0 Garante per la Protezione dei dati personali (art. 51 Regolamento UE n. 2016\/679).<\/p><p>L\u2019esercizio dei premessi diritti pu\u00f2 essere esercitato mediante comunicazione scritta da inviare a mezzo e-mail all\u2019indirizzo\u00a0<a href=\"mailto:assicoopromagnafutura@legalmail.it\">assicoopromagnafutura@legalmail.it<\/a>\u00a0o lettera raccomandata a\/r all\u2019indirizzo Assicoop Romagna Futura SpA, Via Faentina 106, 48123 Ravenna.<\/p>\t\t\t\t\t\t\t\t<\/div>\n\t\t\t\t<\/div>\n\t\t\t\t\t<\/div>\n\t\t<\/div>\n\t\t\t\t\t<\/div>\n\t\t<\/section>\n\t\t\t\t<\/div>\n\t\t","protected":false},"excerpt":{"rendered":"<p>Il Titolare del Trattamento Nel corso o a seguito della consultazione di questo sito Internet, possono essere trattati dati relativi a persone identificate o identificabili. Il \u201ctitolare\u201d del loro trattamento \u00e8 Assicoop Romagna Futura SpA, Via Faentina 106, 48123 Ravenna. Il Responsabile della protezione dei dati \u00e8 stato nominato ed \u00e8 contattabile tramite e-mail\u00a0assicoopromagnafutura@legalmail.it. Luogo [&hellip;]<\/p>\n","protected":false},"author":2,"featured_media":0,"parent":0,"menu_order":0,"comment_status":"closed","ping_status":"closed","template":"","meta":{"footnotes":""},"yoast_head":"<!-- This site is optimized with the Yoast SEO plugin v22.1 - https:\/\/yoast.com\/wordpress\/plugins\/seo\/ -->\n<title>Assicoop Romagna Futura - Come trattiamo i dati personali<\/title>\n<meta name=\"description\" content=\"I trattamenti connessi ai servizi web di questo sito sono curati solo da personale incaricato del trattamento, oppure da eventuali incaricati.\" \/>\n<meta name=\"robots\" content=\"index, follow, max-snippet:-1, max-image-preview:large, max-video-preview:-1\" \/>\n<link rel=\"canonical\" href=\"https:\/\/www.assicoop.it\/romagnafutura\/privacy\/\" \/>\n<meta property=\"og:locale\" content=\"it_IT\" \/>\n<meta property=\"og:type\" content=\"article\" \/>\n<meta property=\"og:title\" content=\"Assicoop Romagna Futura - Come trattiamo i dati personali\" \/>\n<meta property=\"og:description\" content=\"I trattamenti connessi ai servizi web di questo sito sono curati solo da personale incaricato del trattamento, oppure da eventuali incaricati.\" \/>\n<meta property=\"og:url\" content=\"https:\/\/www.assicoop.it\/romagnafutura\/privacy\/\" \/>\n<meta property=\"og:site_name\" content=\"Assicoop Romagna Futura\" \/>\n<meta property=\"article:publisher\" content=\"https:\/\/www.facebook.com\/AssicoopRomagnaFutura\/\" \/>\n<meta property=\"article:modified_time\" content=\"2025-01-21T16:49:47+00:00\" \/>\n<meta name=\"twitter:card\" content=\"summary_large_image\" \/>\n<meta name=\"twitter:label1\" content=\"Tempo di lettura stimato\" \/>\n\t<meta name=\"twitter:data1\" content=\"4 minuti\" \/>\n<script type=\"application\/ld+json\" class=\"yoast-schema-graph\">{\"@context\":\"https:\/\/schema.org\",\"@graph\":[{\"@type\":\"WebPage\",\"@id\":\"https:\/\/www.assicoop.it\/romagnafutura\/privacy\/\",\"url\":\"https:\/\/www.assicoop.it\/romagnafutura\/privacy\/\",\"name\":\"Assicoop Romagna Futura - Come trattiamo i dati personali\",\"isPartOf\":{\"@id\":\"https:\/\/www.assicoop.it\/romagnafutura\/#website\"},\"datePublished\":\"2019-09-03T09:11:09+00:00\",\"dateModified\":\"2025-01-21T16:49:47+00:00\",\"description\":\"I trattamenti connessi ai servizi web di questo sito sono curati solo da personale incaricato del trattamento, oppure da eventuali incaricati.\",\"breadcrumb\":{\"@id\":\"https:\/\/www.assicoop.it\/romagnafutura\/privacy\/#breadcrumb\"},\"inLanguage\":\"it-IT\",\"potentialAction\":[{\"@type\":\"ReadAction\",\"target\":[\"https:\/\/www.assicoop.it\/romagnafutura\/privacy\/\"]}]},{\"@type\":\"BreadcrumbList\",\"@id\":\"https:\/\/www.assicoop.it\/romagnafutura\/privacy\/#breadcrumb\",\"itemListElement\":[{\"@type\":\"ListItem\",\"position\":1,\"name\":\"Home\",\"item\":\"https:\/\/www.assicoop.it\/romagnafutura\/\"},{\"@type\":\"ListItem\",\"position\":2,\"name\":\"Privacy\"}]},{\"@type\":\"WebSite\",\"@id\":\"https:\/\/www.assicoop.it\/romagnafutura\/#website\",\"url\":\"https:\/\/www.assicoop.it\/romagnafutura\/\",\"name\":\"Assicoop Romagna Futura\",\"description\":\"Vicina. Sicura. Tua.\",\"publisher\":{\"@id\":\"https:\/\/www.assicoop.it\/romagnafutura\/#organization\"},\"potentialAction\":[{\"@type\":\"SearchAction\",\"target\":{\"@type\":\"EntryPoint\",\"urlTemplate\":\"https:\/\/www.assicoop.it\/romagnafutura\/?s={search_term_string}\"},\"query-input\":\"required name=search_term_string\"}],\"inLanguage\":\"it-IT\"},{\"@type\":\"Organization\",\"@id\":\"https:\/\/www.assicoop.it\/romagnafutura\/#organization\",\"name\":\"Assicoop Romagna Futura\",\"url\":\"https:\/\/www.assicoop.it\/romagnafutura\/\",\"logo\":{\"@type\":\"ImageObject\",\"inLanguage\":\"it-IT\",\"@id\":\"https:\/\/www.assicoop.it\/romagnafutura\/#\/schema\/logo\/image\/\",\"url\":\"https:\/\/www.assicoop.it\/romagnafutura\/wp-content\/uploads\/2021\/11\/Assicoop-Romagna-Futura-COLORE.svg\",\"contentUrl\":\"https:\/\/www.assicoop.it\/romagnafutura\/wp-content\/uploads\/2021\/11\/Assicoop-Romagna-Futura-COLORE.svg\",\"width\":209,\"height\":44,\"caption\":\"Assicoop Romagna Futura\"},\"image\":{\"@id\":\"https:\/\/www.assicoop.it\/romagnafutura\/#\/schema\/logo\/image\/\"},\"sameAs\":[\"https:\/\/www.facebook.com\/AssicoopRomagnaFutura\/\",\"https:\/\/www.instagram.com\/assicoopromagnafuturaunipolsai\/\"]}]}<\/script>\n<!-- \/ Yoast SEO plugin. -->","yoast_head_json":{"title":"Assicoop Romagna Futura - Come trattiamo i dati personali","description":"I trattamenti connessi ai servizi web di questo sito sono curati solo da personale incaricato del trattamento, oppure da eventuali incaricati.","robots":{"index":"index","follow":"follow","max-snippet":"max-snippet:-1","max-image-preview":"max-image-preview:large","max-video-preview":"max-video-preview:-1"},"canonical":"https:\/\/www.assicoop.it\/romagnafutura\/privacy\/","og_locale":"it_IT","og_type":"article","og_title":"Assicoop Romagna Futura - Come trattiamo i dati personali","og_description":"I trattamenti connessi ai servizi web di questo sito sono curati solo da personale incaricato del trattamento, oppure da eventuali incaricati.","og_url":"https:\/\/www.assicoop.it\/romagnafutura\/privacy\/","og_site_name":"Assicoop Romagna Futura","article_publisher":"https:\/\/www.facebook.com\/AssicoopRomagnaFutura\/","article_modified_time":"2025-01-21T16:49:47+00:00","twitter_card":"summary_large_image","twitter_misc":{"Tempo di lettura stimato":"4 minuti"},"schema":{"@context":"https:\/\/schema.org","@graph":[{"@type":"WebPage","@id":"https:\/\/www.assicoop.it\/romagnafutura\/privacy\/","url":"https:\/\/www.assicoop.it\/romagnafutura\/privacy\/","name":"Assicoop Romagna Futura - Come trattiamo i dati personali","isPartOf":{"@id":"https:\/\/www.assicoop.it\/romagnafutura\/#website"},"datePublished":"2019-09-03T09:11:09+00:00","dateModified":"2025-01-21T16:49:47+00:00","description":"I trattamenti connessi ai servizi web di questo sito sono curati solo da personale incaricato del trattamento, oppure da eventuali incaricati.","breadcrumb":{"@id":"https:\/\/www.assicoop.it\/romagnafutura\/privacy\/#breadcrumb"},"inLanguage":"it-IT","potentialAction":[{"@type":"ReadAction","target":["https:\/\/www.assicoop.it\/romagnafutura\/privacy\/"]}]},{"@type":"BreadcrumbList","@id":"https:\/\/www.assicoop.it\/romagnafutura\/privacy\/#breadcrumb","itemListElement":[{"@type":"ListItem","position":1,"name":"Home","item":"https:\/\/www.assicoop.it\/romagnafutura\/"},{"@type":"ListItem","position":2,"name":"Privacy"}]},{"@type":"WebSite","@id":"https:\/\/www.assicoop.it\/romagnafutura\/#website","url":"https:\/\/www.assicoop.it\/romagnafutura\/","name":"Assicoop Romagna Futura","description":"Vicina. Sicura. Tua.","publisher":{"@id":"https:\/\/www.assicoop.it\/romagnafutura\/#organization"},"potentialAction":[{"@type":"SearchAction","target":{"@type":"EntryPoint","urlTemplate":"https:\/\/www.assicoop.it\/romagnafutura\/?s={search_term_string}"},"query-input":"required name=search_term_string"}],"inLanguage":"it-IT"},{"@type":"Organization","@id":"https:\/\/www.assicoop.it\/romagnafutura\/#organization","name":"Assicoop Romagna Futura","url":"https:\/\/www.assicoop.it\/romagnafutura\/","logo":{"@type":"ImageObject","inLanguage":"it-IT","@id":"https:\/\/www.assicoop.it\/romagnafutura\/#\/schema\/logo\/image\/","url":"https:\/\/www.assicoop.it\/romagnafutura\/wp-content\/uploads\/2021\/11\/Assicoop-Romagna-Futura-COLORE.svg","contentUrl":"https:\/\/www.assicoop.it\/romagnafutura\/wp-content\/uploads\/2021\/11\/Assicoop-Romagna-Futura-COLORE.svg","width":209,"height":44,"caption":"Assicoop Romagna Futura"},"image":{"@id":"https:\/\/www.assicoop.it\/romagnafutura\/#\/schema\/logo\/image\/"},"sameAs":["https:\/\/www.facebook.com\/AssicoopRomagnaFutura\/","https:\/\/www.instagram.com\/assicoopromagnafuturaunipolsai\/"]}]}},"_links":{"self":[{"href":"https:\/\/www.assicoop.it\/romagnafutura\/wp-json\/wp\/v2\/pages\/4303"}],"collection":[{"href":"https:\/\/www.assicoop.it\/romagnafutura\/wp-json\/wp\/v2\/pages"}],"about":[{"href":"https:\/\/www.assicoop.it\/romagnafutura\/wp-json\/wp\/v2\/types\/page"}],"author":[{"embeddable":true,"href":"https:\/\/www.assicoop.it\/romagnafutura\/wp-json\/wp\/v2\/users\/2"}],"replies":[{"embeddable":true,"href":"https:\/\/www.assicoop.it\/romagnafutura\/wp-json\/wp\/v2\/comments?post=4303"}],"version-history":[{"count":12,"href":"https:\/\/www.assicoop.it\/romagnafutura\/wp-json\/wp\/v2\/pages\/4303\/revisions"}],"predecessor-version":[{"id":9807,"href":"https:\/\/www.assicoop.it\/romagnafutura\/wp-json\/wp\/v2\/pages\/4303\/revisions\/9807"}],"wp:attachment":[{"href":"https:\/\/www.assicoop.it\/romagnafutura\/wp-json\/wp\/v2\/media?parent=4303"}],"curies":[{"name":"wp","href":"https:\/\/api.w.org\/{rel}","templated":true}]}}