{"id":5303,"date":"2023-12-20T10:00:17","date_gmt":"2023-12-20T09:00:17","guid":{"rendered":"https:\/\/www.assicoop.it\/bologna-metropolitana\/?page_id=5303"},"modified":"2023-12-22T13:08:03","modified_gmt":"2023-12-22T12:08:03","slug":"whistleblowing","status":"publish","type":"page","link":"https:\/\/www.assicoop.it\/bologna-metropolitana\/whistleblowing\/","title":{"rendered":"Whistleblowing"},"content":{"rendered":"\t\t<div data-elementor-type=\"wp-post\" data-elementor-id=\"5303\" class=\"elementor elementor-5303\" data-elementor-post-type=\"page\">\n\t\t\t\t\t\t<section class=\"elementor-section elementor-top-section elementor-element elementor-element-ab884f0 elementor-section-full_width elementor-section-height-min-height elementor-section-height-default elementor-section-items-middle\" data-id=\"ab884f0\" data-element_type=\"section\" data-settings=\"{&quot;background_background&quot;:&quot;classic&quot;}\">\n\t\t\t\t\t\t\t<div class=\"elementor-background-overlay\"><\/div>\n\t\t\t\t\t\t\t<div class=\"elementor-container elementor-column-gap-default\">\n\t\t\t\t\t<div class=\"elementor-column elementor-col-100 elementor-top-column elementor-element elementor-element-054dd40\" data-id=\"054dd40\" data-element_type=\"column\">\n\t\t\t<div class=\"elementor-widget-wrap elementor-element-populated\">\n\t\t\t\t\t\t<div class=\"elementor-element elementor-element-a49b181 elementor-widget elementor-widget-spacer\" data-id=\"a49b181\" data-element_type=\"widget\" data-widget_type=\"spacer.default\">\n\t\t\t\t<div class=\"elementor-widget-container\">\n\t\t\t\t\t\t\t<div class=\"elementor-spacer\">\n\t\t\t<div class=\"elementor-spacer-inner\"><\/div>\n\t\t<\/div>\n\t\t\t\t\t\t<\/div>\n\t\t\t\t<\/div>\n\t\t\t\t<div class=\"elementor-element elementor-element-df143ef elementor-invisible elementor-widget elementor-widget-heading\" data-id=\"df143ef\" data-element_type=\"widget\" data-settings=\"{&quot;_animation&quot;:&quot;fadeIn&quot;}\" data-widget_type=\"heading.default\">\n\t\t\t\t<div class=\"elementor-widget-container\">\n\t\t\t\t\t<h1 class=\"elementor-heading-title elementor-size-default\">Whistleblowing<\/h1>\t\t\t\t<\/div>\n\t\t\t\t<\/div>\n\t\t\t\t<div class=\"elementor-element elementor-element-ca0921a elementor-widget elementor-widget-heading\" data-id=\"ca0921a\" data-element_type=\"widget\" data-widget_type=\"heading.default\">\n\t\t\t\t<div class=\"elementor-widget-container\">\n\t\t\t\t\t<h2 class=\"elementor-heading-title elementor-size-default\">Hai mai sentito parlare di <i>whistleblowing<\/i>?<\/h2>\t\t\t\t<\/div>\n\t\t\t\t<\/div>\n\t\t\t\t<div class=\"elementor-element elementor-element-19ea6cc elementor-widget elementor-widget-spacer\" data-id=\"19ea6cc\" data-element_type=\"widget\" data-widget_type=\"spacer.default\">\n\t\t\t\t<div class=\"elementor-widget-container\">\n\t\t\t\t\t\t\t<div class=\"elementor-spacer\">\n\t\t\t<div class=\"elementor-spacer-inner\"><\/div>\n\t\t<\/div>\n\t\t\t\t\t\t<\/div>\n\t\t\t\t<\/div>\n\t\t\t\t\t<\/div>\n\t\t<\/div>\n\t\t\t\t\t<\/div>\n\t\t<\/section>\n\t\t\t\t<section class=\"elementor-section elementor-top-section elementor-element elementor-element-5ca6d6d5 elementor-section-boxed elementor-section-height-default elementor-section-height-default\" data-id=\"5ca6d6d5\" data-element_type=\"section\">\n\t\t\t\t\t\t<div class=\"elementor-container elementor-column-gap-default\">\n\t\t\t\t\t<div class=\"elementor-column elementor-col-100 elementor-top-column elementor-element elementor-element-3bf1a4b9\" data-id=\"3bf1a4b9\" data-element_type=\"column\">\n\t\t\t<div class=\"elementor-widget-wrap elementor-element-populated\">\n\t\t\t\t\t\t<div class=\"elementor-element elementor-element-2a09c479 elementor-widget elementor-widget-text-editor\" data-id=\"2a09c479\" data-element_type=\"widget\" data-widget_type=\"text-editor.default\">\n\t\t\t\t<div class=\"elementor-widget-container\">\n\t\t\t\t\t\t\t\t\t<p><\/p>\n<p>Con il termine <em>whistleblower<\/em>\u00a0(dall&#8217;inglese:\u00a0<em>to\u00a0blow\u00a0the\u00a0whistle<\/em>\u00a0&#8211; soffiare il fischietto) si fa generalmente riferimento alla persona che, venuta a conoscenza di atti o fatti potenzialmente illeciti nel proprio contesto lavorativo, decide di denunciarli servendosi di canali interni riservati e indipendenti, appositamente previsti dall\u2019azienda.<\/p>\n<p>Assicoop Bologna Metropolitana ha adottato un sistema interno per la segnalazione delle violazioni che ha l\u2019obiettivo di salvaguardare la riservatezza dell&#8217;identit\u00e0 del segnalante e tutelarlo da condotte ritorsive conseguenti alla segnalazione, in linea con la normativa emanata in materia di whistleblowing a livello europeo e nazionale (da ultimo il D. Lgs. 15 marzo 2023 n. 24, che recepisce nell\u2019ordinamento italiano la Direttiva (UE) 2019\/1937).<\/p>\n<p>Il sistema di segnalazione \u00e8 formalizzato in una Procedura,\u00a0<em><u>consultabile da questa pagina<\/u><\/em>.<\/p>\n<p>Ai sensi della Procedura, Assicoop Bologna Metropolitana ha istituito un proprio canale dedicato, attraverso il quale \u00e8 possibile segnalare comportamenti, atti od omissioni \u2013 compresi i fondati sospetti \u2013 di cui il segnalante sia venuto a conoscenza nel contesto lavorativo e che ritiene possano costituire una violazione delle norme disciplinanti l&#8217;attivit\u00e0 svolta dalla Societ\u00e0.<\/p>\n<p>La struttura preposta\u00a0alla ricezione e alla gestione delle segnalazioni, i\u00a0mezzi\u00a0attraverso cui le stesse possono essere trasmesse, nonch\u00e9 il\u00a0processo di gestione\u00a0delle segnalazioni ricevute sono definiti dalla Procedura, cui si rimanda per ogni dettaglio.<\/p>\n<p>In particolare, \u00e8 previsto per tutti i segnalanti l\u2019utilizzo di una apposita\u00a0Piattaforma informatica\u00a0<u>\u2013\u00a0<em>disponibile al link indicato in questa pagina<\/em><\/u>\u00a0\u2013 idonea a garantire, con modalit\u00e0 informatiche, la riservatezza dell&#8217;identit\u00e0 del segnalante. I dati personali eventualmente raccolti saranno trattati in conformit\u00e0 alla vigente Normativa sulla Protezione dei Dati Personali come da Informativa Privacy, <em><u>consultabile da questa pagina.<\/u><\/em><\/p>\n<p>Al ricorrere di determinate condizioni previste dalla normativa, \u00e8 possibile effettuare segnalazioni esterne direttamente all\u2019Autorit\u00e0 Nazionale Anticorruzione (ANAC). Le informazioni sul canale, sulle procedure e sui presupposti per effettuare le segnalazioni esterne sono riportate nella Procedura.<\/p>\n<p><strong>Documenti correlati:<\/strong><\/p>\n<p><a href=\"https:\/\/www.assicoop.it\/bologna-metropolitana\/wp-content\/uploads\/2023\/12\/PROCEDURA-WHISTLEBLOWING-Dicembre2023.pdf\"><strong>Procedura\u00a0 2023<\/strong><\/a><\/p>\n<p><a href=\"https:\/\/www.assicoop.it\/bologna-metropolitana\/wp-content\/uploads\/2023\/12\/INFORMATIVA-SULLA-TUTELA-DATI-PERSONALI.pdf\"><strong>Informativa 2023<\/strong><\/a><\/p>\n<p><\/p>\t\t\t\t\t\t\t\t<\/div>\n\t\t\t\t<\/div>\n\t\t\t\t<div class=\"elementor-element elementor-element-33e59ba elementor-align-center elementor-widget elementor-widget-button\" data-id=\"33e59ba\" data-element_type=\"widget\" data-widget_type=\"button.default\">\n\t\t\t\t<div class=\"elementor-widget-container\">\n\t\t\t\t\t\t\t\t\t<div class=\"elementor-button-wrapper\">\n\t\t\t\t\t<a class=\"elementor-button elementor-button-link elementor-size-sm\" href=\"https:\/\/assicoop-bologna-metropolitana.whistletech.online\" target=\"_blank\">\n\t\t\t\t\t\t<span class=\"elementor-button-content-wrapper\">\n\t\t\t\t\t\t\t\t\t<span class=\"elementor-button-text\">Fai una segnalazione<\/span>\n\t\t\t\t\t<\/span>\n\t\t\t\t\t<\/a>\n\t\t\t\t<\/div>\n\t\t\t\t\t\t\t\t<\/div>\n\t\t\t\t<\/div>\n\t\t\t\t\t<\/div>\n\t\t<\/div>\n\t\t\t\t\t<\/div>\n\t\t<\/section>\n\t\t\t\t<\/div>\n\t\t","protected":false},"excerpt":{"rendered":"<p>Hai mai sentito parlare di whistleblowing? Con il termine whistleblower\u00a0(dall&#8217;inglese:\u00a0to\u00a0blow\u00a0the\u00a0whistle\u00a0&#8211; soffiare il fischietto) si fa generalmente riferimento alla persona che, venuta a conoscenza di atti o fatti potenzialmente illeciti nel proprio contesto lavorativo, decide di denunciarli servendosi di canali interni riservati e indipendenti, appositamente previsti dall\u2019azienda. Assicoop Bologna Metropolitana ha adottato un sistema interno per [&hellip;]<\/p>\n","protected":false},"author":4,"featured_media":0,"parent":0,"menu_order":0,"comment_status":"closed","ping_status":"closed","template":"","meta":{"footnotes":""},"yoast_head":"<!-- This site is optimized with the Yoast SEO plugin v22.1 - https:\/\/yoast.com\/wordpress\/plugins\/seo\/ -->\n<title>Assicoop Bologna Metropolitana - Whistleblowing<\/title>\n<meta name=\"robots\" content=\"index, follow, max-snippet:-1, max-image-preview:large, max-video-preview:-1\" \/>\n<link rel=\"canonical\" href=\"https:\/\/www.assicoop.it\/bologna-metropolitana\/whistleblowing\/\" \/>\n<meta property=\"og:locale\" content=\"it_IT\" \/>\n<meta property=\"og:type\" content=\"article\" \/>\n<meta property=\"og:title\" content=\"Assicoop Bologna Metropolitana - Whistleblowing\" \/>\n<meta property=\"og:description\" content=\"Hai mai sentito parlare di whistleblowing? Con il termine whistleblower\u00a0(dall&#8217;inglese:\u00a0to\u00a0blow\u00a0the\u00a0whistle\u00a0&#8211; soffiare il fischietto) si fa generalmente riferimento alla persona che, venuta a conoscenza di atti o fatti potenzialmente illeciti nel proprio contesto lavorativo, decide di denunciarli servendosi di canali interni riservati e indipendenti, appositamente previsti dall\u2019azienda. Assicoop Bologna Metropolitana ha adottato un sistema interno per [&hellip;]\" \/>\n<meta property=\"og:url\" content=\"https:\/\/www.assicoop.it\/bologna-metropolitana\/whistleblowing\/\" \/>\n<meta property=\"og:site_name\" content=\"Assicoop Bologna Metropolitana\" \/>\n<meta property=\"article:modified_time\" content=\"2023-12-22T12:08:03+00:00\" \/>\n<meta name=\"twitter:card\" content=\"summary_large_image\" \/>\n<meta name=\"twitter:label1\" content=\"Tempo di lettura stimato\" \/>\n\t<meta name=\"twitter:data1\" content=\"2 minuti\" \/>\n<script type=\"application\/ld+json\" class=\"yoast-schema-graph\">{\"@context\":\"https:\/\/schema.org\",\"@graph\":[{\"@type\":\"WebPage\",\"@id\":\"https:\/\/www.assicoop.it\/bologna-metropolitana\/whistleblowing\/\",\"url\":\"https:\/\/www.assicoop.it\/bologna-metropolitana\/whistleblowing\/\",\"name\":\"Assicoop Bologna Metropolitana - Whistleblowing\",\"isPartOf\":{\"@id\":\"https:\/\/www.assicoop.it\/bologna-metropolitana\/#website\"},\"datePublished\":\"2023-12-20T09:00:17+00:00\",\"dateModified\":\"2023-12-22T12:08:03+00:00\",\"inLanguage\":\"it-IT\",\"potentialAction\":[{\"@type\":\"ReadAction\",\"target\":[\"https:\/\/www.assicoop.it\/bologna-metropolitana\/whistleblowing\/\"]}]},{\"@type\":\"WebSite\",\"@id\":\"https:\/\/www.assicoop.it\/bologna-metropolitana\/#website\",\"url\":\"https:\/\/www.assicoop.it\/bologna-metropolitana\/\",\"name\":\"Assicoop Bologna Metropolitana\",\"description\":\"Vicina. Sicura. Tua.\",\"publisher\":{\"@id\":\"https:\/\/www.assicoop.it\/bologna-metropolitana\/#organization\"},\"potentialAction\":[{\"@type\":\"SearchAction\",\"target\":{\"@type\":\"EntryPoint\",\"urlTemplate\":\"https:\/\/www.assicoop.it\/bologna-metropolitana\/?s={search_term_string}\"},\"query-input\":\"required name=search_term_string\"}],\"inLanguage\":\"it-IT\"},{\"@type\":\"Organization\",\"@id\":\"https:\/\/www.assicoop.it\/bologna-metropolitana\/#organization\",\"name\":\"Assicoop Bologna Metropolitana\",\"url\":\"https:\/\/www.assicoop.it\/bologna-metropolitana\/\",\"logo\":{\"@type\":\"ImageObject\",\"inLanguage\":\"it-IT\",\"@id\":\"https:\/\/www.assicoop.it\/bologna-metropolitana\/#\/schema\/logo\/image\/\",\"url\":\"https:\/\/www.assicoop.it\/bologna-metropolitana\/wp-content\/uploads\/2021\/11\/AssBoMetro-COLORE.svg\",\"contentUrl\":\"https:\/\/www.assicoop.it\/bologna-metropolitana\/wp-content\/uploads\/2021\/11\/AssBoMetro-COLORE.svg\",\"caption\":\"Assicoop Bologna Metropolitana\"},\"image\":{\"@id\":\"https:\/\/www.assicoop.it\/bologna-metropolitana\/#\/schema\/logo\/image\/\"}}]}<\/script>\n<!-- \/ Yoast SEO plugin. -->","yoast_head_json":{"title":"Assicoop Bologna Metropolitana - Whistleblowing","robots":{"index":"index","follow":"follow","max-snippet":"max-snippet:-1","max-image-preview":"max-image-preview:large","max-video-preview":"max-video-preview:-1"},"canonical":"https:\/\/www.assicoop.it\/bologna-metropolitana\/whistleblowing\/","og_locale":"it_IT","og_type":"article","og_title":"Assicoop Bologna Metropolitana - Whistleblowing","og_description":"Hai mai sentito parlare di whistleblowing? Con il termine whistleblower\u00a0(dall&#8217;inglese:\u00a0to\u00a0blow\u00a0the\u00a0whistle\u00a0&#8211; soffiare il fischietto) si fa generalmente riferimento alla persona che, venuta a conoscenza di atti o fatti potenzialmente illeciti nel proprio contesto lavorativo, decide di denunciarli servendosi di canali interni riservati e indipendenti, appositamente previsti dall\u2019azienda. Assicoop Bologna Metropolitana ha adottato un sistema interno per [&hellip;]","og_url":"https:\/\/www.assicoop.it\/bologna-metropolitana\/whistleblowing\/","og_site_name":"Assicoop Bologna Metropolitana","article_modified_time":"2023-12-22T12:08:03+00:00","twitter_card":"summary_large_image","twitter_misc":{"Tempo di lettura stimato":"2 minuti"},"schema":{"@context":"https:\/\/schema.org","@graph":[{"@type":"WebPage","@id":"https:\/\/www.assicoop.it\/bologna-metropolitana\/whistleblowing\/","url":"https:\/\/www.assicoop.it\/bologna-metropolitana\/whistleblowing\/","name":"Assicoop Bologna Metropolitana - Whistleblowing","isPartOf":{"@id":"https:\/\/www.assicoop.it\/bologna-metropolitana\/#website"},"datePublished":"2023-12-20T09:00:17+00:00","dateModified":"2023-12-22T12:08:03+00:00","inLanguage":"it-IT","potentialAction":[{"@type":"ReadAction","target":["https:\/\/www.assicoop.it\/bologna-metropolitana\/whistleblowing\/"]}]},{"@type":"WebSite","@id":"https:\/\/www.assicoop.it\/bologna-metropolitana\/#website","url":"https:\/\/www.assicoop.it\/bologna-metropolitana\/","name":"Assicoop Bologna Metropolitana","description":"Vicina. Sicura. Tua.","publisher":{"@id":"https:\/\/www.assicoop.it\/bologna-metropolitana\/#organization"},"potentialAction":[{"@type":"SearchAction","target":{"@type":"EntryPoint","urlTemplate":"https:\/\/www.assicoop.it\/bologna-metropolitana\/?s={search_term_string}"},"query-input":"required name=search_term_string"}],"inLanguage":"it-IT"},{"@type":"Organization","@id":"https:\/\/www.assicoop.it\/bologna-metropolitana\/#organization","name":"Assicoop Bologna Metropolitana","url":"https:\/\/www.assicoop.it\/bologna-metropolitana\/","logo":{"@type":"ImageObject","inLanguage":"it-IT","@id":"https:\/\/www.assicoop.it\/bologna-metropolitana\/#\/schema\/logo\/image\/","url":"https:\/\/www.assicoop.it\/bologna-metropolitana\/wp-content\/uploads\/2021\/11\/AssBoMetro-COLORE.svg","contentUrl":"https:\/\/www.assicoop.it\/bologna-metropolitana\/wp-content\/uploads\/2021\/11\/AssBoMetro-COLORE.svg","caption":"Assicoop Bologna Metropolitana"},"image":{"@id":"https:\/\/www.assicoop.it\/bologna-metropolitana\/#\/schema\/logo\/image\/"}}]}},"_links":{"self":[{"href":"https:\/\/www.assicoop.it\/bologna-metropolitana\/wp-json\/wp\/v2\/pages\/5303"}],"collection":[{"href":"https:\/\/www.assicoop.it\/bologna-metropolitana\/wp-json\/wp\/v2\/pages"}],"about":[{"href":"https:\/\/www.assicoop.it\/bologna-metropolitana\/wp-json\/wp\/v2\/types\/page"}],"author":[{"embeddable":true,"href":"https:\/\/www.assicoop.it\/bologna-metropolitana\/wp-json\/wp\/v2\/users\/4"}],"replies":[{"embeddable":true,"href":"https:\/\/www.assicoop.it\/bologna-metropolitana\/wp-json\/wp\/v2\/comments?post=5303"}],"version-history":[{"count":11,"href":"https:\/\/www.assicoop.it\/bologna-metropolitana\/wp-json\/wp\/v2\/pages\/5303\/revisions"}],"predecessor-version":[{"id":5320,"href":"https:\/\/www.assicoop.it\/bologna-metropolitana\/wp-json\/wp\/v2\/pages\/5303\/revisions\/5320"}],"wp:attachment":[{"href":"https:\/\/www.assicoop.it\/bologna-metropolitana\/wp-json\/wp\/v2\/media?parent=5303"}],"curies":[{"name":"wp","href":"https:\/\/api.w.org\/{rel}","templated":true}]}}