{"id":149,"date":"2019-09-30T18:40:04","date_gmt":"2019-09-30T16:40:04","guid":{"rendered":"https:\/\/www.assicoop.it\/bologna-metropolitana\/?page_id=149"},"modified":"2024-12-02T14:59:42","modified_gmt":"2024-12-02T13:59:42","slug":"protezione","status":"publish","type":"page","link":"https:\/\/www.assicoop.it\/bologna-metropolitana\/catalogo-prodotti\/protezione\/","title":{"rendered":"Protezione"},"content":{"rendered":"\t\t<div data-elementor-type=\"wp-post\" data-elementor-id=\"149\" class=\"elementor elementor-149\" data-elementor-post-type=\"page\">\n\t\t\t\t\t\t<section class=\"elementor-section elementor-top-section elementor-element elementor-element-2ff2032 elementor-section-full_width elementor-section-height-min-height elementor-section-stretched elementor-section-height-default elementor-section-items-middle\" data-id=\"2ff2032\" data-element_type=\"section\" data-settings=\"{&quot;background_background&quot;:&quot;classic&quot;,&quot;stretch_section&quot;:&quot;section-stretched&quot;}\">\n\t\t\t\t\t\t\t<div class=\"elementor-background-overlay\"><\/div>\n\t\t\t\t\t\t\t<div class=\"elementor-container elementor-column-gap-default\">\n\t\t\t\t\t<div class=\"elementor-column elementor-col-100 elementor-top-column elementor-element elementor-element-dc36f3e\" data-id=\"dc36f3e\" data-element_type=\"column\">\n\t\t\t<div class=\"elementor-widget-wrap elementor-element-populated\">\n\t\t\t\t\t\t<div class=\"elementor-element elementor-element-33aed51 elementor-invisible elementor-widget elementor-widget-heading\" data-id=\"33aed51\" data-element_type=\"widget\" data-settings=\"{&quot;_animation&quot;:&quot;fadeIn&quot;}\" data-widget_type=\"heading.default\">\n\t\t\t\t<div class=\"elementor-widget-container\">\n\t\t\t\t\t<h2 class=\"elementor-heading-title elementor-size-default\">Protezione<\/h2>\t\t\t\t<\/div>\n\t\t\t\t<\/div>\n\t\t\t\t<div class=\"elementor-element elementor-element-7f4cee5 elementor-view-stacked elementor-shape-circle elementor-widget elementor-widget-icon\" data-id=\"7f4cee5\" data-element_type=\"widget\" data-widget_type=\"icon.default\">\n\t\t\t\t<div class=\"elementor-widget-container\">\n\t\t\t\t\t\t\t<div class=\"elementor-icon-wrapper\">\n\t\t\t<div class=\"elementor-icon elementor-animation-float\">\n\t\t\t<i aria-hidden=\"true\" class=\"fas fa-notes-medical\"><\/i>\t\t\t<\/div>\n\t\t<\/div>\n\t\t\t\t\t\t<\/div>\n\t\t\t\t<\/div>\n\t\t\t\t\t<\/div>\n\t\t<\/div>\n\t\t\t\t\t<\/div>\n\t\t<\/section>\n\t\t\t\t<section class=\"elementor-section elementor-top-section elementor-element elementor-element-ae047dc elementor-section-boxed elementor-section-height-default elementor-section-height-default\" data-id=\"ae047dc\" data-element_type=\"section\">\n\t\t\t\t\t\t<div class=\"elementor-container elementor-column-gap-default\">\n\t\t\t\t\t<div class=\"elementor-column elementor-col-100 elementor-top-column elementor-element elementor-element-6712c97\" data-id=\"6712c97\" data-element_type=\"column\">\n\t\t\t<div class=\"elementor-widget-wrap elementor-element-populated\">\n\t\t\t\t\t\t<div class=\"elementor-element elementor-element-eff51ac elementor-align-left elementor-widget elementor-widget-breadcrumbs\" data-id=\"eff51ac\" data-element_type=\"widget\" data-widget_type=\"breadcrumbs.default\">\n\t\t\t\t<div class=\"elementor-widget-container\">\n\t\t\t\t\t<span id=\"breadcrumbs\"><\/span>\t\t\t\t<\/div>\n\t\t\t\t<\/div>\n\t\t\t\t<div class=\"elementor-element elementor-element-cb7b252 elementor-widget elementor-widget-heading\" data-id=\"cb7b252\" data-element_type=\"widget\" data-widget_type=\"heading.default\">\n\t\t\t\t<div class=\"elementor-widget-container\">\n\t\t\t\t\t<p class=\"elementor-heading-title elementor-size-default\">Pensare a come <b>proteggersi<\/b> fa parte della storia dell\u2019uomo. <b>Un bisogno<\/b>, pi\u00f9 che mai <b>attuale<\/b>, che \u00e8 rimasto intatto dai tempi delle caverne.<\/p>\t\t\t\t<\/div>\n\t\t\t\t<\/div>\n\t\t\t\t<div class=\"elementor-element elementor-element-0b27d69 elementor-widget elementor-widget-heading\" data-id=\"0b27d69\" data-element_type=\"widget\" data-widget_type=\"heading.default\">\n\t\t\t\t<div class=\"elementor-widget-container\">\n\t\t\t\t\t<h5 class=\"elementor-heading-title elementor-size-default\">Provvedere al benessere e alla sicurezza della propria famiglia e dei propri cari<\/h5>\t\t\t\t<\/div>\n\t\t\t\t<\/div>\n\t\t\t\t<div class=\"elementor-element elementor-element-e7d03f2 elementor-widget elementor-widget-heading\" data-id=\"e7d03f2\" data-element_type=\"widget\" data-widget_type=\"heading.default\">\n\t\t\t\t<div class=\"elementor-widget-container\">\n\t\t\t\t\t<p class=\"elementor-heading-title elementor-size-default\">oggi \u00e8 pi\u00f9 facile grazie ad una serie di opportunit\u00e0 che rispondono in modo adeguato agli imprevisti:<br><br>polizze contro gli infortuni;<br>\npolizze che coprono spese mediche;<br>\nma anche polizze vita per famiglie e aziende;<br>\no rendite in caso di perdita dell\u2019autosufficienza.<\/p>\t\t\t\t<\/div>\n\t\t\t\t<\/div>\n\t\t\t\t<div class=\"elementor-element elementor-element-5e15cae elementor-widget elementor-widget-heading\" data-id=\"5e15cae\" data-element_type=\"widget\" data-widget_type=\"heading.default\">\n\t\t\t\t<div class=\"elementor-widget-container\">\n\t\t\t\t\t<p class=\"elementor-heading-title elementor-size-default\">Questi sono solo alcuni esempi di <b>assicurazioni sanitarie per privati e aziende<\/b> che quotidianamente stipuliamo.<br>Le <b>soluzioni<\/b> sono tante e diverse, ma <b>sempre sicure e adatte a te<\/b>. Contatta direttamente una nostra agenzia!<br><br>Trova quella pi\u00f9 vicina!<\/p>\t\t\t\t<\/div>\n\t\t\t\t<\/div>\n\t\t\t\t<div class=\"elementor-element elementor-element-18f7c76 elementor-widget elementor-widget-shortcode\" data-id=\"18f7c76\" data-element_type=\"widget\" data-widget_type=\"shortcode.default\">\n\t\t\t\t<div class=\"elementor-widget-container\">\n\t\t\t\t\t\t\t<div class=\"elementor-shortcode\"><div class=\"mop-wrapper\">        <div id=\"PROTEZIONE\" style=\";top:200px\">\n            <div class=\"imagemop hidden\">\n                <a href=\"#\" onclick=\"showMopCustom('PROTEZIONE')\"><img decoding=\"async\" src=\"\" alt=\"\" title=\"\" \/><\/a>\n                            <\/div>\n            <div id=\"mop-homepage-PROTEZIONE\" class=\"mophome\">\n                <iframe  id=\"iframe-PROTEZIONE\" src=\"https:\/\/assicoopbologna.com\/moduli\/modulo-di-contatto\/main.php?UHJvdGV6aW9uZQ==?source=\/bologna-metropolitana\/wp-json\/wp\/v2\/pages\/149\" width=\"100%\" height=\"1000\" style=\"max-height:500px;min-height:500px;\" scrolling=\"yes\" frameborder=\"0\" allowfullscreen=\"\" frameborder=\"0\" onload='resizeIframe(this)'><\/iframe>\n            <\/div>\n        <\/div>\n    \n    <\/div><\/div>\n\t\t\t\t\t\t<\/div>\n\t\t\t\t<\/div>\n\t\t\t\t\t<\/div>\n\t\t<\/div>\n\t\t\t\t\t<\/div>\n\t\t<\/section>\n\t\t\t\t<section class=\"elementor-section elementor-top-section elementor-element elementor-element-7148fd1 elementor-section-content-middle elementor-section-boxed elementor-section-height-default elementor-section-height-default\" data-id=\"7148fd1\" data-element_type=\"section\" data-settings=\"{&quot;background_background&quot;:&quot;classic&quot;}\">\n\t\t\t\t\t\t<div class=\"elementor-container elementor-column-gap-no\">\n\t\t\t\t\t<div class=\"elementor-column elementor-col-100 elementor-top-column elementor-element elementor-element-de619d4\" data-id=\"de619d4\" data-element_type=\"column\" data-settings=\"{&quot;background_background&quot;:&quot;classic&quot;}\">\n\t\t\t<div class=\"elementor-widget-wrap elementor-element-populated\">\n\t\t\t\t\t\t<div class=\"elementor-element elementor-element-c9c27ac elementor-widget elementor-widget-heading\" data-id=\"c9c27ac\" data-element_type=\"widget\" data-widget_type=\"heading.default\">\n\t\t\t\t<div class=\"elementor-widget-container\">\n\t\t\t\t\t<h3 class=\"elementor-heading-title elementor-size-large\"><a href=\"\">Trova l'agenzia pi\u00f9 vicina a te!<\/a><\/h3>\t\t\t\t<\/div>\n\t\t\t\t<\/div>\n\t\t\t\t<div class=\"elementor-element elementor-element-c5a983a elementor-view-default elementor-widget elementor-widget-icon\" data-id=\"c5a983a\" data-element_type=\"widget\" data-widget_type=\"icon.default\">\n\t\t\t\t<div class=\"elementor-widget-container\">\n\t\t\t\t\t\t\t<div class=\"elementor-icon-wrapper\">\n\t\t\t<a class=\"elementor-icon elementor-animation-pulse\" href=\"\">\n\t\t\t<i aria-hidden=\"true\" class=\"fas fa-map-marker-alt\"><\/i>\t\t\t<\/a>\n\t\t<\/div>\n\t\t\t\t\t\t<\/div>\n\t\t\t\t<\/div>\n\t\t\t\t\t<\/div>\n\t\t<\/div>\n\t\t\t\t\t<\/div>\n\t\t<\/section>\n\t\t\t\t<\/div>\n\t\t","protected":false},"excerpt":{"rendered":"<p>Pensare a come proteggersi fa parte della storia dell\u2019uomo. Un bisogno, pi\u00f9 che mai attuale, che \u00e8 rimasto intatto dai tempi delle caverne. Provvedere al benessere e alla sicurezza della propria famiglia e dei propri cari oggi \u00e8 pi\u00f9 facile grazie ad una serie di opportunit\u00e0 che rispondono in modo adeguato agli imprevisti: polizze contro [&hellip;]<\/p>\n","protected":false},"author":2,"featured_media":0,"parent":32,"menu_order":0,"comment_status":"closed","ping_status":"closed","template":"","meta":{"footnotes":""},"yoast_head":"<!-- This site is optimized with the Yoast SEO plugin v22.1 - https:\/\/yoast.com\/wordpress\/plugins\/seo\/ -->\n<title>Protezione - Assicoop Bologna Metropolitana - Assicurazioni sanitarie<\/title>\n<meta name=\"description\" content=\"Proponiamo assicurazioni sanitarie per privati e aziende, sempre sicure e adatte a te. Contatta direttamente una nostra agenzia! Trova quella pi\u00f9 vicina!\" \/>\n<meta name=\"robots\" content=\"index, follow, max-snippet:-1, max-image-preview:large, max-video-preview:-1\" \/>\n<link rel=\"canonical\" href=\"https:\/\/www.assicoop.it\/bologna-metropolitana\/catalogo-prodotti\/protezione\/\" \/>\n<meta property=\"og:locale\" content=\"it_IT\" \/>\n<meta property=\"og:type\" content=\"article\" \/>\n<meta property=\"og:title\" content=\"Protezione - Assicoop Bologna Metropolitana - Assicurazioni sanitarie\" \/>\n<meta property=\"og:description\" content=\"Proponiamo assicurazioni sanitarie per privati e aziende, sempre sicure e adatte a te. Contatta direttamente una nostra agenzia! Trova quella pi\u00f9 vicina!\" \/>\n<meta property=\"og:url\" content=\"https:\/\/www.assicoop.it\/bologna-metropolitana\/catalogo-prodotti\/protezione\/\" \/>\n<meta property=\"og:site_name\" content=\"Assicoop Bologna Metropolitana\" \/>\n<meta property=\"article:modified_time\" content=\"2024-12-02T13:59:42+00:00\" \/>\n<meta name=\"twitter:card\" content=\"summary_large_image\" \/>\n<meta name=\"twitter:label1\" content=\"Tempo di lettura stimato\" \/>\n\t<meta name=\"twitter:data1\" content=\"1 minuto\" \/>\n<script type=\"application\/ld+json\" class=\"yoast-schema-graph\">{\"@context\":\"https:\/\/schema.org\",\"@graph\":[{\"@type\":\"WebPage\",\"@id\":\"https:\/\/www.assicoop.it\/bologna-metropolitana\/catalogo-prodotti\/protezione\/\",\"url\":\"https:\/\/www.assicoop.it\/bologna-metropolitana\/catalogo-prodotti\/protezione\/\",\"name\":\"Protezione - Assicoop Bologna Metropolitana - Assicurazioni sanitarie\",\"isPartOf\":{\"@id\":\"https:\/\/www.assicoop.it\/bologna-metropolitana\/#website\"},\"datePublished\":\"2019-09-30T16:40:04+00:00\",\"dateModified\":\"2024-12-02T13:59:42+00:00\",\"description\":\"Proponiamo assicurazioni sanitarie per privati e aziende, sempre sicure e adatte a te. Contatta direttamente una nostra agenzia! Trova quella pi\u00f9 vicina!\",\"breadcrumb\":{\"@id\":\"https:\/\/www.assicoop.it\/bologna-metropolitana\/catalogo-prodotti\/protezione\/#breadcrumb\"},\"inLanguage\":\"it-IT\",\"potentialAction\":[{\"@type\":\"ReadAction\",\"target\":[\"https:\/\/www.assicoop.it\/bologna-metropolitana\/catalogo-prodotti\/protezione\/\"]}]},{\"@type\":\"BreadcrumbList\",\"@id\":\"https:\/\/www.assicoop.it\/bologna-metropolitana\/catalogo-prodotti\/protezione\/#breadcrumb\",\"itemListElement\":[{\"@type\":\"ListItem\",\"position\":1,\"name\":\"Cosa Facciamo\",\"item\":\"https:\/\/www.assicoop.it\/bologna-metropolitana\/catalogo-prodotti\/\"},{\"@type\":\"ListItem\",\"position\":2,\"name\":\"Protezione\"}]},{\"@type\":\"WebSite\",\"@id\":\"https:\/\/www.assicoop.it\/bologna-metropolitana\/#website\",\"url\":\"https:\/\/www.assicoop.it\/bologna-metropolitana\/\",\"name\":\"Assicoop Bologna Metropolitana\",\"description\":\"Vicina. Sicura. Tua.\",\"publisher\":{\"@id\":\"https:\/\/www.assicoop.it\/bologna-metropolitana\/#organization\"},\"potentialAction\":[{\"@type\":\"SearchAction\",\"target\":{\"@type\":\"EntryPoint\",\"urlTemplate\":\"https:\/\/www.assicoop.it\/bologna-metropolitana\/?s={search_term_string}\"},\"query-input\":\"required name=search_term_string\"}],\"inLanguage\":\"it-IT\"},{\"@type\":\"Organization\",\"@id\":\"https:\/\/www.assicoop.it\/bologna-metropolitana\/#organization\",\"name\":\"Assicoop Bologna Metropolitana\",\"url\":\"https:\/\/www.assicoop.it\/bologna-metropolitana\/\",\"logo\":{\"@type\":\"ImageObject\",\"inLanguage\":\"it-IT\",\"@id\":\"https:\/\/www.assicoop.it\/bologna-metropolitana\/#\/schema\/logo\/image\/\",\"url\":\"https:\/\/www.assicoop.it\/bologna-metropolitana\/wp-content\/uploads\/2021\/11\/AssBoMetro-COLORE.svg\",\"contentUrl\":\"https:\/\/www.assicoop.it\/bologna-metropolitana\/wp-content\/uploads\/2021\/11\/AssBoMetro-COLORE.svg\",\"caption\":\"Assicoop Bologna Metropolitana\"},\"image\":{\"@id\":\"https:\/\/www.assicoop.it\/bologna-metropolitana\/#\/schema\/logo\/image\/\"}}]}<\/script>\n<!-- \/ Yoast SEO plugin. -->","yoast_head_json":{"title":"Protezione - Assicoop Bologna Metropolitana - Assicurazioni sanitarie","description":"Proponiamo assicurazioni sanitarie per privati e aziende, sempre sicure e adatte a te. Contatta direttamente una nostra agenzia! Trova quella pi\u00f9 vicina!","robots":{"index":"index","follow":"follow","max-snippet":"max-snippet:-1","max-image-preview":"max-image-preview:large","max-video-preview":"max-video-preview:-1"},"canonical":"https:\/\/www.assicoop.it\/bologna-metropolitana\/catalogo-prodotti\/protezione\/","og_locale":"it_IT","og_type":"article","og_title":"Protezione - Assicoop Bologna Metropolitana - Assicurazioni sanitarie","og_description":"Proponiamo assicurazioni sanitarie per privati e aziende, sempre sicure e adatte a te. Contatta direttamente una nostra agenzia! Trova quella pi\u00f9 vicina!","og_url":"https:\/\/www.assicoop.it\/bologna-metropolitana\/catalogo-prodotti\/protezione\/","og_site_name":"Assicoop Bologna Metropolitana","article_modified_time":"2024-12-02T13:59:42+00:00","twitter_card":"summary_large_image","twitter_misc":{"Tempo di lettura stimato":"1 minuto"},"schema":{"@context":"https:\/\/schema.org","@graph":[{"@type":"WebPage","@id":"https:\/\/www.assicoop.it\/bologna-metropolitana\/catalogo-prodotti\/protezione\/","url":"https:\/\/www.assicoop.it\/bologna-metropolitana\/catalogo-prodotti\/protezione\/","name":"Protezione - Assicoop Bologna Metropolitana - Assicurazioni sanitarie","isPartOf":{"@id":"https:\/\/www.assicoop.it\/bologna-metropolitana\/#website"},"datePublished":"2019-09-30T16:40:04+00:00","dateModified":"2024-12-02T13:59:42+00:00","description":"Proponiamo assicurazioni sanitarie per privati e aziende, sempre sicure e adatte a te. Contatta direttamente una nostra agenzia! Trova quella pi\u00f9 vicina!","breadcrumb":{"@id":"https:\/\/www.assicoop.it\/bologna-metropolitana\/catalogo-prodotti\/protezione\/#breadcrumb"},"inLanguage":"it-IT","potentialAction":[{"@type":"ReadAction","target":["https:\/\/www.assicoop.it\/bologna-metropolitana\/catalogo-prodotti\/protezione\/"]}]},{"@type":"BreadcrumbList","@id":"https:\/\/www.assicoop.it\/bologna-metropolitana\/catalogo-prodotti\/protezione\/#breadcrumb","itemListElement":[{"@type":"ListItem","position":1,"name":"Cosa Facciamo","item":"https:\/\/www.assicoop.it\/bologna-metropolitana\/catalogo-prodotti\/"},{"@type":"ListItem","position":2,"name":"Protezione"}]},{"@type":"WebSite","@id":"https:\/\/www.assicoop.it\/bologna-metropolitana\/#website","url":"https:\/\/www.assicoop.it\/bologna-metropolitana\/","name":"Assicoop Bologna Metropolitana","description":"Vicina. Sicura. Tua.","publisher":{"@id":"https:\/\/www.assicoop.it\/bologna-metropolitana\/#organization"},"potentialAction":[{"@type":"SearchAction","target":{"@type":"EntryPoint","urlTemplate":"https:\/\/www.assicoop.it\/bologna-metropolitana\/?s={search_term_string}"},"query-input":"required name=search_term_string"}],"inLanguage":"it-IT"},{"@type":"Organization","@id":"https:\/\/www.assicoop.it\/bologna-metropolitana\/#organization","name":"Assicoop Bologna Metropolitana","url":"https:\/\/www.assicoop.it\/bologna-metropolitana\/","logo":{"@type":"ImageObject","inLanguage":"it-IT","@id":"https:\/\/www.assicoop.it\/bologna-metropolitana\/#\/schema\/logo\/image\/","url":"https:\/\/www.assicoop.it\/bologna-metropolitana\/wp-content\/uploads\/2021\/11\/AssBoMetro-COLORE.svg","contentUrl":"https:\/\/www.assicoop.it\/bologna-metropolitana\/wp-content\/uploads\/2021\/11\/AssBoMetro-COLORE.svg","caption":"Assicoop Bologna Metropolitana"},"image":{"@id":"https:\/\/www.assicoop.it\/bologna-metropolitana\/#\/schema\/logo\/image\/"}}]}},"_links":{"self":[{"href":"https:\/\/www.assicoop.it\/bologna-metropolitana\/wp-json\/wp\/v2\/pages\/149"}],"collection":[{"href":"https:\/\/www.assicoop.it\/bologna-metropolitana\/wp-json\/wp\/v2\/pages"}],"about":[{"href":"https:\/\/www.assicoop.it\/bologna-metropolitana\/wp-json\/wp\/v2\/types\/page"}],"author":[{"embeddable":true,"href":"https:\/\/www.assicoop.it\/bologna-metropolitana\/wp-json\/wp\/v2\/users\/2"}],"replies":[{"embeddable":true,"href":"https:\/\/www.assicoop.it\/bologna-metropolitana\/wp-json\/wp\/v2\/comments?post=149"}],"version-history":[{"count":23,"href":"https:\/\/www.assicoop.it\/bologna-metropolitana\/wp-json\/wp\/v2\/pages\/149\/revisions"}],"predecessor-version":[{"id":5849,"href":"https:\/\/www.assicoop.it\/bologna-metropolitana\/wp-json\/wp\/v2\/pages\/149\/revisions\/5849"}],"up":[{"embeddable":true,"href":"https:\/\/www.assicoop.it\/bologna-metropolitana\/wp-json\/wp\/v2\/pages\/32"}],"wp:attachment":[{"href":"https:\/\/www.assicoop.it\/bologna-metropolitana\/wp-json\/wp\/v2\/media?parent=149"}],"curies":[{"name":"wp","href":"https:\/\/api.w.org\/{rel}","templated":true}]}}